{"id":17523,"date":"2020-07-27T17:40:44","date_gmt":"2020-07-27T16:40:44","guid":{"rendered":"https:\/\/www.rmdkwikform.com\/que-ofrecemos\/"},"modified":"2022-04-23T12:31:19","modified_gmt":"2022-04-23T11:31:19","slug":"que-ofrecemos","status":"publish","type":"page","link":"https:\/\/dev01.rmdkwikform.com\/cl\/que-ofrecemos\/","title":{"rendered":"Lo que ofrecemos"},"content":{"rendered":"<p class=\"p1\">Somos una empresa abierta, diversa e inclusiva que fomenta un equilibrio saludable entre la vida laboral y la personal. Como parte del equipo de RMD Kwikform, nos comprometemos a garantizar que usted sea recompensado por su dedicaci\u00f3n y trabajo duro.<\/p>\n<p>&nbsp;<\/p>\n<p><strong>Desarrollo de la carrera profesional<\/strong><\/p>\n<ul>\n<li>Conversaciones abiertas sobre las trayectorias profesionales y la progresi\u00f3n.<\/li>\n<li>Le proporcionaremos la informaci\u00f3n y las herramientas adecuadas que necesita para tener \u00e9xito.<\/li>\n<li>Aprendizaje y desarrollo<\/li>\n<li>Cualificaciones profesionales<\/li>\n<\/ul>\n<p>&nbsp;<\/p>\n<p><strong>Salud, seguridad y bienestar<\/strong><\/p>\n<ul>\n<li>Formaci\u00f3n completa sobre salud y seguridad para los empleados de forma continua<\/li>\n<li>Generosas vacaciones anuales<\/li>\n<li>Otros beneficios que var\u00edan seg\u00fan la funci\u00f3n y la pr\u00e1ctica del pa\u00ed<\/li>\n<\/ul>\n<p>&nbsp;<\/p>\n<p><strong>Financiero<\/strong><\/p>\n<ul>\n<li>Salario competitivo<\/li>\n<li>Paquete de beneficios acorde con el puesto<\/li>\n<\/ul>\n<p>Si est\u00e1 buscando un nuevo puesto y quiere unirse al equipo de RMD Kwikform, <a href=\"https:\/\/rmdkwikform.earcu.com\/jobs\/home\/\">haga clic aqu\u00ed para ver nuestras vacantes.<\/a><\/p>\n","protected":false},"excerpt":{"rendered":"<p>Somos una empresa abierta, diversa e inclusiva que fomenta un equilibrio saludable entre la vida laboral y la personal. Como parte del equipo de RMD Kwikform, nos comprometemos a garantizar que usted sea recompensado por su...<\/p>\n","protected":false},"author":1,"featured_media":0,"parent":0,"menu_order":0,"comment_status":"closed","ping_status":"closed","template":"","meta":{"_acf_changed":false,"content-type":"","footnotes":""},"class_list":["post-17523","page","type-page","status-publish","hentry"],"acf":[],"yoast_head":"<!-- This site is optimized with the Yoast SEO plugin v27.4 - https:\/\/yoast.com\/product\/yoast-seo-wordpress\/ -->\n<title>Lo que ofrecemos | DEV ALTRAD RMD Kwikform<\/title>\n<meta name=\"description\" content=\"Como parte del equipo de RMD Kwikform, nos comprometemos a garantizar que usted sea recompensado por su dedicaci\u00f3n y trabajo duro.\" \/>\n<meta name=\"robots\" content=\"noindex, follow, max-snippet:-1, max-image-preview:large, max-video-preview:-1\" \/>\n<meta property=\"og:locale\" content=\"es_ES\" \/>\n<meta property=\"og:type\" content=\"article\" \/>\n<meta property=\"og:title\" content=\"Lo que ofrecemos | DEV ALTRAD RMD Kwikform\" \/>\n<meta property=\"og:description\" content=\"Como parte del equipo de RMD Kwikform, nos comprometemos a garantizar que usted sea recompensado por su dedicaci\u00f3n y trabajo duro.\" \/>\n<meta property=\"og:url\" content=\"https:\/\/dev01.rmdkwikform.com\/cl\/que-ofrecemos\/\" \/>\n<meta property=\"og:site_name\" content=\"DEV ALTRAD RMD Kwikform\" \/>\n<meta property=\"article:modified_time\" content=\"2022-04-23T11:31:19+00:00\" \/>\n<meta property=\"og:image\" content=\"https:\/\/dev01.rmdkwikform.com\/wp-content\/uploads\/2021\/10\/Altrad-Group-logo.png\" \/>\n\t<meta property=\"og:image:width\" content=\"225\" \/>\n\t<meta property=\"og:image:height\" content=\"225\" \/>\n\t<meta property=\"og:image:type\" content=\"image\/png\" \/>\n<meta name=\"twitter:card\" content=\"summary_large_image\" \/>\n<meta name=\"twitter:site\" content=\"@RMDKwikform\" \/>\n<meta name=\"twitter:label1\" content=\"Tiempo estimado de lectura\" \/>\n\t<meta name=\"twitter:data1\" content=\"1 minuto\" \/>\n<script type=\"application\/ld+json\" class=\"yoast-schema-graph\">{\"@context\":\"https:\\\/\\\/schema.org\",\"@graph\":[{\"@type\":\"WebPage\",\"@id\":\"https:\\\/\\\/dev01.rmdkwikform.com\\\/cl\\\/que-ofrecemos\\\/\",\"url\":\"https:\\\/\\\/dev01.rmdkwikform.com\\\/cl\\\/que-ofrecemos\\\/\",\"name\":\"Lo que ofrecemos | DEV ALTRAD RMD Kwikform\",\"isPartOf\":{\"@id\":\"https:\\\/\\\/dev01.rmdkwikform.com\\\/cl\\\/#website\"},\"datePublished\":\"2020-07-27T16:40:44+00:00\",\"dateModified\":\"2022-04-23T11:31:19+00:00\",\"description\":\"Como parte del equipo de RMD Kwikform, nos comprometemos a garantizar que usted sea recompensado por su dedicaci\u00f3n y trabajo duro.\",\"breadcrumb\":{\"@id\":\"https:\\\/\\\/dev01.rmdkwikform.com\\\/cl\\\/que-ofrecemos\\\/#breadcrumb\"},\"inLanguage\":\"es-CL\",\"potentialAction\":[{\"@type\":\"ReadAction\",\"target\":[\"https:\\\/\\\/dev01.rmdkwikform.com\\\/cl\\\/que-ofrecemos\\\/\"]}]},{\"@type\":\"BreadcrumbList\",\"@id\":\"https:\\\/\\\/dev01.rmdkwikform.com\\\/cl\\\/que-ofrecemos\\\/#breadcrumb\",\"itemListElement\":[{\"@type\":\"ListItem\",\"position\":1,\"name\":\"Home\",\"item\":\"https:\\\/\\\/dev01.rmdkwikform.com\\\/cl\\\/\"},{\"@type\":\"ListItem\",\"position\":2,\"name\":\"Lo que ofrecemos\"}]},{\"@type\":\"WebSite\",\"@id\":\"https:\\\/\\\/dev01.rmdkwikform.com\\\/cl\\\/#website\",\"url\":\"https:\\\/\\\/dev01.rmdkwikform.com\\\/cl\\\/\",\"name\":\"DEV ALTRAD RMD Kwikform\",\"description\":\"Bringing structures to life\",\"publisher\":{\"@id\":\"https:\\\/\\\/dev01.rmdkwikform.com\\\/cl\\\/#organization\"},\"potentialAction\":[{\"@type\":\"SearchAction\",\"target\":{\"@type\":\"EntryPoint\",\"urlTemplate\":\"https:\\\/\\\/dev01.rmdkwikform.com\\\/cl\\\/?s={search_term_string}\"},\"query-input\":{\"@type\":\"PropertyValueSpecification\",\"valueRequired\":true,\"valueName\":\"search_term_string\"}}],\"inLanguage\":\"es-CL\"},{\"@type\":\"Organization\",\"@id\":\"https:\\\/\\\/dev01.rmdkwikform.com\\\/cl\\\/#organization\",\"name\":\"Altrad RMD Kwikform\",\"alternateName\":\"RMD\",\"url\":\"https:\\\/\\\/dev01.rmdkwikform.com\\\/cl\\\/\",\"logo\":{\"@type\":\"ImageObject\",\"inLanguage\":\"es-CL\",\"@id\":\"https:\\\/\\\/dev01.rmdkwikform.com\\\/cl\\\/#\\\/schema\\\/logo\\\/image\\\/\",\"url\":\"https:\\\/\\\/dev01.rmdkwikform.com\\\/wp-content\\\/uploads\\\/2021\\\/10\\\/Altrad-Group-logo.png\",\"contentUrl\":\"https:\\\/\\\/dev01.rmdkwikform.com\\\/wp-content\\\/uploads\\\/2021\\\/10\\\/Altrad-Group-logo.png\",\"width\":225,\"height\":225,\"caption\":\"Altrad RMD Kwikform\"},\"image\":{\"@id\":\"https:\\\/\\\/dev01.rmdkwikform.com\\\/cl\\\/#\\\/schema\\\/logo\\\/image\\\/\"},\"sameAs\":[\"https:\\\/\\\/x.com\\\/RMDKwikform\",\"https:\\\/\\\/www.linkedin.com\\\/company\\\/rmd-kwikform\\\/\",\"https:\\\/\\\/www.youtube.com\\\/user\\\/rmdkwikform\",\"https:\\\/\\\/www.instagram.com\\\/rmdkwikform\\\/\"]}]}<\/script>\n<!-- \/ Yoast SEO plugin. -->","yoast_head_json":{"title":"Lo que ofrecemos | DEV ALTRAD RMD Kwikform","description":"Como parte del equipo de RMD Kwikform, nos comprometemos a garantizar que usted sea recompensado por su dedicaci\u00f3n y trabajo duro.","robots":{"index":"noindex","follow":"follow","max-snippet":"max-snippet:-1","max-image-preview":"max-image-preview:large","max-video-preview":"max-video-preview:-1"},"og_locale":"es_ES","og_type":"article","og_title":"Lo que ofrecemos | DEV ALTRAD RMD Kwikform","og_description":"Como parte del equipo de RMD Kwikform, nos comprometemos a garantizar que usted sea recompensado por su dedicaci\u00f3n y trabajo duro.","og_url":"https:\/\/dev01.rmdkwikform.com\/cl\/que-ofrecemos\/","og_site_name":"DEV ALTRAD RMD Kwikform","article_modified_time":"2022-04-23T11:31:19+00:00","og_image":[{"width":225,"height":225,"url":"https:\/\/dev01.rmdkwikform.com\/wp-content\/uploads\/2021\/10\/Altrad-Group-logo.png","type":"image\/png"}],"twitter_card":"summary_large_image","twitter_site":"@RMDKwikform","twitter_misc":{"Tiempo estimado de lectura":"1 minuto"},"schema":{"@context":"https:\/\/schema.org","@graph":[{"@type":"WebPage","@id":"https:\/\/dev01.rmdkwikform.com\/cl\/que-ofrecemos\/","url":"https:\/\/dev01.rmdkwikform.com\/cl\/que-ofrecemos\/","name":"Lo que ofrecemos | DEV ALTRAD RMD Kwikform","isPartOf":{"@id":"https:\/\/dev01.rmdkwikform.com\/cl\/#website"},"datePublished":"2020-07-27T16:40:44+00:00","dateModified":"2022-04-23T11:31:19+00:00","description":"Como parte del equipo de RMD Kwikform, nos comprometemos a garantizar que usted sea recompensado por su dedicaci\u00f3n y trabajo duro.","breadcrumb":{"@id":"https:\/\/dev01.rmdkwikform.com\/cl\/que-ofrecemos\/#breadcrumb"},"inLanguage":"es-CL","potentialAction":[{"@type":"ReadAction","target":["https:\/\/dev01.rmdkwikform.com\/cl\/que-ofrecemos\/"]}]},{"@type":"BreadcrumbList","@id":"https:\/\/dev01.rmdkwikform.com\/cl\/que-ofrecemos\/#breadcrumb","itemListElement":[{"@type":"ListItem","position":1,"name":"Home","item":"https:\/\/dev01.rmdkwikform.com\/cl\/"},{"@type":"ListItem","position":2,"name":"Lo que ofrecemos"}]},{"@type":"WebSite","@id":"https:\/\/dev01.rmdkwikform.com\/cl\/#website","url":"https:\/\/dev01.rmdkwikform.com\/cl\/","name":"DEV ALTRAD RMD Kwikform","description":"Bringing structures to life","publisher":{"@id":"https:\/\/dev01.rmdkwikform.com\/cl\/#organization"},"potentialAction":[{"@type":"SearchAction","target":{"@type":"EntryPoint","urlTemplate":"https:\/\/dev01.rmdkwikform.com\/cl\/?s={search_term_string}"},"query-input":{"@type":"PropertyValueSpecification","valueRequired":true,"valueName":"search_term_string"}}],"inLanguage":"es-CL"},{"@type":"Organization","@id":"https:\/\/dev01.rmdkwikform.com\/cl\/#organization","name":"Altrad RMD Kwikform","alternateName":"RMD","url":"https:\/\/dev01.rmdkwikform.com\/cl\/","logo":{"@type":"ImageObject","inLanguage":"es-CL","@id":"https:\/\/dev01.rmdkwikform.com\/cl\/#\/schema\/logo\/image\/","url":"https:\/\/dev01.rmdkwikform.com\/wp-content\/uploads\/2021\/10\/Altrad-Group-logo.png","contentUrl":"https:\/\/dev01.rmdkwikform.com\/wp-content\/uploads\/2021\/10\/Altrad-Group-logo.png","width":225,"height":225,"caption":"Altrad RMD Kwikform"},"image":{"@id":"https:\/\/dev01.rmdkwikform.com\/cl\/#\/schema\/logo\/image\/"},"sameAs":["https:\/\/x.com\/RMDKwikform","https:\/\/www.linkedin.com\/company\/rmd-kwikform\/","https:\/\/www.youtube.com\/user\/rmdkwikform","https:\/\/www.instagram.com\/rmdkwikform\/"]}]}},"_links":{"self":[{"href":"https:\/\/dev01.rmdkwikform.com\/cl\/wp-json\/wp\/v2\/pages\/17523","targetHints":{"allow":["GET"]}}],"collection":[{"href":"https:\/\/dev01.rmdkwikform.com\/cl\/wp-json\/wp\/v2\/pages"}],"about":[{"href":"https:\/\/dev01.rmdkwikform.com\/cl\/wp-json\/wp\/v2\/types\/page"}],"author":[{"embeddable":true,"href":"https:\/\/dev01.rmdkwikform.com\/cl\/wp-json\/wp\/v2\/users\/1"}],"replies":[{"embeddable":true,"href":"https:\/\/dev01.rmdkwikform.com\/cl\/wp-json\/wp\/v2\/comments?post=17523"}],"version-history":[{"count":0,"href":"https:\/\/dev01.rmdkwikform.com\/cl\/wp-json\/wp\/v2\/pages\/17523\/revisions"}],"wp:attachment":[{"href":"https:\/\/dev01.rmdkwikform.com\/cl\/wp-json\/wp\/v2\/media?parent=17523"}],"curies":[{"name":"wp","href":"https:\/\/api.w.org\/{rel}","templated":true}]}}