{"id":17520,"date":"2020-02-05T11:14:25","date_gmt":"2020-02-05T11:14:25","guid":{"rendered":"https:\/\/www.rmdkwikform.com\/politica-privacidad\/"},"modified":"2022-04-20T07:58:28","modified_gmt":"2022-04-20T06:58:28","slug":"politica-privacidad","status":"publish","type":"page","link":"https:\/\/dev01.rmdkwikform.com\/cl\/politica-privacidad\/","title":{"rendered":"Pol\u00edtica de privacidad"},"content":{"rendered":"<h2>Protecci\u00f3n de datos Aviso de privacidad<\/h2>\n<p>RMD Kwikform (\"Nosotros\") estamos comprometidos con la protecci\u00f3n y el respeto de la privacidad de usuario.<\/p>\n<p>Esta pol\u00edtica (junto con nuestras condiciones de uso <a href=\"https:\/\/dev01.rmdkwikform.com\/cl\/?page_id=17496\">www.rmdkwikform.com\/uk<\/a>(\/terms-of-use\/ y cualquier otro documento mencionado en esta) fija las bases del tratamiento de cualquier informaci\u00b4\u00b4on personal que recopilemos del usuario o que el usuario nos proporcione. Por favor lea atentamente lo siguiente para entender nuestras pol\u00edticas y pr\u00e1cticas relativas a la informaci\u00f3n personal y c\u00f3mo la trataremos. Al visitar www.rmdkwikform.com, el usuario acepta y autoriza las pr\u00e1cticas del controlador de datos, RMD Kwikform of Brickyard Road, Aldridge, Walsall WS9 8BW descrito en esta pol\u00edtica.<\/p>\n<p>Las leyes de protecci\u00f3n de datos var\u00edan seg\u00fan los pa\u00edses. Sin importar d\u00f3nde se procese su informaci\u00f3n, RMD Kwikform aplicar\u00e1 la misma protecci\u00f3n descrita en esta pol\u00edtica.<\/p>\n<p>Para prop\u00f3sitos de la Ley de Protecci\u00f3n de Datos 2018 y el RGPD UE 2016 (las Leyes).<\/p>\n<h3>INFORMACI\u00d3N QUE PODREMOS RECOPILAR DEL USUARIO<\/h3>\n<p>Podemos recopilar y procesar la siguiente informaci\u00f3n sobre el usuario:<\/p>\n<ul>\n<li style=\"font-weight: 400;\">Informaci\u00f3n proporcionada por el usuario a nosotros: El usuario proporciona informaci\u00f3n personal al completar formularios en nuestra p\u00e1gina web www.rmdkwikform.com o a trav\u00e9s de una llamada telef\u00f3nica, correo electr\u00f3nico o por otro medio. Esto incluye informaci\u00f3n proporcionada al suscribirse a nuestras noticias, o solicitar una llamada, participar en un concurso, promoci\u00f3n o encuesta; y cuando se reporta un problema en nuestra p\u00e1gina. La informaci\u00f3n que nos proporciona el usuario puede incluir su nombre, direcci\u00f3n de correo electr\u00f3nico y n\u00famero de tel\u00e9fono.<\/li>\n<li style=\"font-weight: 400;\">Informaci\u00f3n que recopilamos sobre el usuario: Durante cada visita a nuestro sitio, autom\u00e1ticamente recopilamos la siguiente informaci\u00f3n:<\/li>\n<li style=\"font-weight: 400;\">Informaci\u00f3n t\u00e9cnica, incluyendo la direcci\u00f3n de protocolo de Internet (IP) que se us\u00f3 para la conexi\u00f3n del computador del usuario, informaci\u00f3n de inici\u00f3 de sesi\u00f3n, tipo de navegador y su versi\u00f3n, configuraci\u00f3n de zona horaria, tipos de plug-in y su versi\u00f3n, sistema operativo y plataforma;<\/li>\n<li style=\"font-weight: 400;\">Informaci\u00f3n sobre la visita del usuario, incluido el flujo de clics de los Localizadores Uniformes de Recursos (URL, por sus siglas en ingl\u00e9s) mientras utiliza nuestro sitio (incluida la fecha y la hora); los productos que ha visto o buscado; los tiempos de respuesta de la p\u00e1gina, los errores de descarga, la duraci\u00f3n de las visitas a ciertas p\u00e1ginas, la informaci\u00f3n sobre la interacci\u00f3n con la p\u00e1gina (como desplazamiento, clics y los pasos del mouse o rat\u00f3n) y los m\u00e9todos utilizados para salir de la p\u00e1gina y cualquier n\u00famero de tel\u00e9fono utilizado para llamar a nuestro n\u00famero de atenci\u00f3n al cliente.<\/li>\n<\/ul>\n<p>Informaci\u00f3n que recibimos de otras fuentes: Podemos recibir informaci\u00f3n sobre el usuario si utiliza cualquiera de los otros sitios web que operamos u otros servicios que proporcionamos. [En este caso, le habremos informado, al momento de recopilar esos datos, que pueden ser compartidos internamente y combinados con los datos recogidos en esta p\u00e1gina web]. Tambi\u00e9n podemos recopilar informaci\u00f3n del usuario a trav\u00e9s de la adquisici\u00f3n de negocios o empresas que ya tengan sus datos.<\/p>\n<h3><strong>COOKIES<\/strong><\/h3>\n<p>Nuestra p\u00e1gina web usa cookies para distinguir a los usuarios de nuestro sitio. Esto nos ayuda a proporcionar una buena experiencia al navegar en nuestra p\u00e1gina y tambi\u00e9n nos permite mejorar nuestro sitio.<\/p>\n<p><strong>USO DE LA INFORMACI\u00d3N<\/strong><\/p>\n<p>Usamos la informaci\u00f3n acerca del usuario de la siguiente manera:<\/p>\n<p>Informaci\u00f3n que recopilamos sobre el usuario. Usaremos esta informaci\u00f3n para:<\/p>\n<ul>\n<li style=\"font-weight: 400;\">Cumplir con nuestras obligaciones derivadas de cualquier contrato entre el usuario y nosotros y proporcionar la informaci\u00f3n, productos y servicios que requiera de nosotros;<\/li>\n<li style=\"font-weight: 400;\">Brindar informaci\u00f3n sobre otros bienes y servicios que ofrecemos y que sean similares a los que el usuario ya ha comprado o por los que ya ha preguntado;<\/li>\n<li style=\"font-weight: 400;\">Notificarte sobre cambios en nuestro servicio<\/li>\n<li style=\"font-weight: 400;\">Garantizar que el contenido de nuestra p\u00e1gina web sea presentado de la manera m\u00e1s eficaz para el usuario y su computador.<\/li>\n<\/ul>\n<p>Informaci\u00f3n que recopilamos sobre el usuario. Usaremos esta informaci\u00f3n para:<\/p>\n<ul>\n<li style=\"font-weight: 400;\">Administrar nuestra p\u00e1gina y para operaciones internas, incluyendo soluci\u00f3n de proble,as, an\u00e1lisis de datos, testeo, pruebas, investigaci\u00f3n, prop\u00f3sitos de estad\u00edstica y mediciones.<\/li>\n<li style=\"font-weight: 400;\">Mejorar nuestra p\u00e1gina para garantizar que el contenido se presente de la forma m\u00e1s eficaz para el usuario y su computador<\/li>\n<li style=\"font-weight: 400;\">Permitir que el usuario participe en las funciones interactivas de nuestro servicio, cuando elija hacerlo;<\/li>\n<li style=\"font-weight: 400;\">Como parte de nuestros esfuerzos para mantener nuestra p\u00e1gina web segura;<\/li>\n<li style=\"font-weight: 400;\">Medir o comprender la eficacia de la publicidad que proporcionamos a los usuarios, y mostrar publicidad relevante;<\/li>\n<li style=\"font-weight: 400;\">Realizar sugerencias y recomendaciones a los usuario de nuestra p\u00e1gina web sobre bienes o servicios que puedan ser de su inter\u00e9s.<\/li>\n<\/ul>\n<p>La informaci\u00f3n que recibimos de otras fuentes: Podemos combinar esta informaci\u00f3n con la informaci\u00f3n proporcionada por el usuario y la informaci\u00f3n que nosotros recopilamos del usuario y usarla para prop\u00f3sitos mencionados anteriormente (dependiendo del tipo de informaci\u00f3n que recibamos).<\/p>\n<h3>REVELACI\u00d3N DE LA INFORMACI\u00d3N DEL USUARIO<\/h3>\n<p>Podemos compartir informaci\u00f3n personal del usuario con cualquier miembro de nuestro grupo, lo que se refiere a nuestro \u00faltimo holding empresarial y sus subsidiarias, como se define en la secci\u00f3n 1159 de la Ley de Sociedades del 2006 de Reino Unido.<\/p>\n<p>Podemos compartir informaci\u00f3n con terceros seleccionados, incluyendo:<\/p>\n<ul>\n<li style=\"text-align: left;\">Publicistas y redes publicitarias que requieran la informaci\u00f3n para seleccionar y proporcionar publicidad relevante para los usuarios. [No divulgamos informaci\u00f3n sobre personas identificables a nuestros publicistas, pero podemos entregarles informaci\u00f3n colectiva sobre nuestros usuarios (por ejemplo, podemos informar que 500 hombres menores de 30 han hecho clic en su publicidad en una fecha determinada). Podemos tambi\u00e9n usar esta informaci\u00f3n colectiva para ayudar a los publicistas a llegar al p\u00fablico objetivo que quieren (por ejemplo, mujeres en el \u00e1rea postal SW1).<\/li>\n<li style=\"text-align: left;\">Podemos hacer uso de la informaci\u00f3n personal que hemos recopilado de los usuarios para cumplir con la voluntad de nuestros publicistas al mostrar su publicidad a ese p\u00fablico objetivo].<br \/>\nProveedores de an\u00e1lisis y motores de busqueda que nos brindan asistencia para mejorar y optimizar nuestro sitio.<\/li>\n<\/ul>\n<p>Podemos revelar informaci\u00f3n del usuario a terceros:<\/p>\n<ul>\n<li style=\"font-weight: 400;\"><span style=\"font-weight: 400;\">IEn caso que vendamos alg\u00fan negocio o activo, en cuyo caso podemos revelar informaci\u00f3n personal del usuario para el potencial comprador de estos negocios o activos.<\/span><\/li>\n<li style=\"font-weight: 400;\"><span style=\"font-weight: 400;\">Si RMD Kwikform o practicamente la totalidad de sus activos son comprados por una tercera parte, en cuyo caso la informaci\u00f3n personal almacenada sobre sus usuarios ser\u00e1 uno de los activos transferidos.<\/span><\/li>\n<li style=\"font-weight: 400;\"><span style=\"font-weight: 400;\">Si tenemos la obligaci\u00f3n de entregar o compartir informaci\u00f3n personal para cumplir con cualquier obligaci\u00f3n legal y con las autoridades o aplicar nuestras condiciones de uso www.rmdkwikform.com\/uk\/terms-of.-use y otros acuerdos; o para proteger los derechos, propiedad o la seguridad de RMD Kwikform, nuestros clientes y otros. Esto incluye el intercambio de informaci\u00f3n con otras compa\u00f1\u00edas y organizaciones para prop\u00f3sitos de protecci\u00f3n contra fraude y reducci\u00f3n de riesgo crediticio. <\/span><\/li>\n<\/ul>\n<p><strong>D\u00d3NDE ALMACENAMOS LA INFORMACI\u00d3N PERSONAL DEL USUARIO<\/strong><\/p>\n<p>La informaci\u00f3n que recopilamos del usuario puede ser transferida y almacenada, en un destino fuera del Espacio Econ\u00f3mico Europeo (\"EEE\"). Tambi\u00e9n podr\u00e1 ser procesada por miembros o personal que trabaje para nosotros o para alguno de nuestros proveedores fuera del \"EEE\". Este personal podr\u00e1 estar, entre otras cosas, involucrado en el cumplimiento de la transacci\u00f3n, el procesamiento de informaci\u00f3n de pagos y la prestaci\u00f3n de servicios de apoyo. Al entregar informaci\u00f3n personal, el usuario acepta esta transferencia, almacenado o tratamiento. Tendremos todas las consideraciones necesarias para garantizar que la informaci\u00f3n sea tratada de manera segura y en cumplimiento de esta pol\u00edtica de privacidad.<\/p>\n<p>Toda la informaci\u00f3n proporcionada por el usuario se almacena en servidores protegidos. Si se ha entregado (o elegido) una contrase\u00f1a que permita el acceso a ciertas partes de nuestra p\u00e1gina web, el usuario es responsable de mantener la confidencialidad de tal contrase\u00f1a. Le pedimos al usuario que no comparta la contrase\u00f1a con ninguna persona.<\/p>\n<h3>DERECHOS DEL USUARIO<\/h3>\n<p>Como parte interesada, cuyos datos han sido recopilados, el usuario tiene los siguientes derechos:<\/p>\n<ul>\n<li style=\"font-weight: 400;\">Obtener una copia de la informaci\u00f3n bajo solicitud<\/li>\n<li style=\"font-weight: 400;\">Solicitar la modificaci\u00f3n de informaci\u00f3n incompleta o incorrecta;<\/li>\n<li style=\"font-weight: 400;\">Solicitar a la organizaci\u00f3n borrar o dejar de procesar informaci\u00f3n personal cuando no sea necesaria para los prop\u00f3sitos que ha sido almacenada; y<\/li>\n<li style=\"font-weight: 400;\">Oponerse al tratamiento de datos cuando RMD Kwikform conf\u00ede en la legitimidad de intereses como base legal para el tratamiento.<\/li>\n<\/ul>\n<p>El usuario puede usar los contactos mencionados en el apartado \"CONTACTO\" para ejercer sus derechos en cualquier momento.<\/p>\n<p>Nuestra p\u00e1gina web, de vez en cuando, contiene enlaces desde y hacia los sitios de nuestra red de colaboradores, publicistas y socios. Si el ususario abre un enlace a cualquiera desde estos sitios, por favor notar que estas p\u00e1ginas tienen sus propias pol\u00edticas de privacidad y no aceptamos ninguna responsabilidad por estas pol\u00edticas. Por favor revisar estas pol\u00edticas antes de entregar informaci\u00f3n personal a estas p\u00e1ginas.<\/p>\n<p><strong>CAMBIOS A NUESTRA POL\u00cdTICA DE PRIVACIDAD<\/strong><\/p>\n<p>Cualquier cambio que realicemos en el futuro a nuestra pol\u00edtica de privacidad ser\u00e1 publicado en esta p\u00e1gina. Por favor revisar frecuentemente para ver las actualizaciones o cambios a nuestra pol\u00edtica de privacidad.<\/p>\n<p><strong>CONTACTO<\/strong><\/p>\n<p>Las preguntas, comentarios y solicitudes relacionadas con la pol\u00edtica de privacidad son bienvenidas y deber\u00e1n dirigirse a RMD Kwikform, Brickyard Road, Aldridge, Walsall, WS9 8BW o por correo electr\u00f3nico a GDPR@rmdkwikform.co.uk<\/p>\n","protected":false},"excerpt":{"rendered":"<p>Protecci\u00f3n de datos Aviso de privacidad RMD Kwikform (\"Nosotros\") estamos comprometidos con la protecci\u00f3n y el respeto de la privacidad de usuario. Esta pol\u00edtica (junto con nuestras condiciones de uso www.rmdkwikform.com\/uk(\/terms-of-use\/ y cualquier otro documento mencionado...<\/p>\n","protected":false},"author":1,"featured_media":0,"parent":0,"menu_order":0,"comment_status":"closed","ping_status":"open","template":"","meta":{"_acf_changed":false,"content-type":"","footnotes":""},"class_list":["post-17520","page","type-page","status-publish","hentry"],"acf":[],"yoast_head":"<!-- This site is optimized with the Yoast SEO plugin v27.4 - https:\/\/yoast.com\/product\/yoast-seo-wordpress\/ -->\n<title>Pol\u00edtica de privacidad | DEV ALTRAD RMD Kwikform<\/title>\n<meta name=\"robots\" content=\"noindex, follow, max-snippet:-1, max-image-preview:large, max-video-preview:-1\" \/>\n<meta property=\"og:locale\" content=\"es_ES\" \/>\n<meta property=\"og:type\" content=\"article\" \/>\n<meta property=\"og:title\" content=\"Pol\u00edtica de privacidad | DEV ALTRAD RMD Kwikform\" \/>\n<meta property=\"og:description\" content=\"Protecci\u00f3n de datos Aviso de privacidad RMD Kwikform (&quot;Nosotros&quot;) estamos comprometidos con la protecci\u00f3n y el respeto de la privacidad de usuario. Esta pol\u00edtica (junto con nuestras condiciones de uso www.rmdkwikform.com\/uk(\/terms-of-use\/ y cualquier otro documento mencionado...\" \/>\n<meta property=\"og:url\" content=\"https:\/\/dev01.rmdkwikform.com\/cl\/politica-privacidad\/\" \/>\n<meta property=\"og:site_name\" content=\"DEV ALTRAD RMD Kwikform\" \/>\n<meta property=\"article:modified_time\" content=\"2022-04-20T06:58:28+00:00\" \/>\n<meta property=\"og:image\" content=\"https:\/\/dev01.rmdkwikform.com\/wp-content\/uploads\/2021\/10\/Altrad-Group-logo.png\" \/>\n\t<meta property=\"og:image:width\" content=\"225\" \/>\n\t<meta property=\"og:image:height\" content=\"225\" \/>\n\t<meta property=\"og:image:type\" content=\"image\/png\" \/>\n<meta name=\"twitter:card\" content=\"summary_large_image\" \/>\n<meta name=\"twitter:site\" content=\"@RMDKwikform\" \/>\n<meta name=\"twitter:label1\" content=\"Tiempo estimado de lectura\" \/>\n\t<meta name=\"twitter:data1\" content=\"7 minutos\" \/>\n<script type=\"application\/ld+json\" class=\"yoast-schema-graph\">{\"@context\":\"https:\\\/\\\/schema.org\",\"@graph\":[{\"@type\":\"WebPage\",\"@id\":\"https:\\\/\\\/dev01.rmdkwikform.com\\\/cl\\\/politica-privacidad\\\/\",\"url\":\"https:\\\/\\\/dev01.rmdkwikform.com\\\/cl\\\/politica-privacidad\\\/\",\"name\":\"Pol\u00edtica de privacidad | DEV ALTRAD RMD Kwikform\",\"isPartOf\":{\"@id\":\"https:\\\/\\\/dev01.rmdkwikform.com\\\/cl\\\/#website\"},\"datePublished\":\"2020-02-05T11:14:25+00:00\",\"dateModified\":\"2022-04-20T06:58:28+00:00\",\"breadcrumb\":{\"@id\":\"https:\\\/\\\/dev01.rmdkwikform.com\\\/cl\\\/politica-privacidad\\\/#breadcrumb\"},\"inLanguage\":\"es-CL\",\"potentialAction\":[{\"@type\":\"ReadAction\",\"target\":[\"https:\\\/\\\/dev01.rmdkwikform.com\\\/cl\\\/politica-privacidad\\\/\"]}]},{\"@type\":\"BreadcrumbList\",\"@id\":\"https:\\\/\\\/dev01.rmdkwikform.com\\\/cl\\\/politica-privacidad\\\/#breadcrumb\",\"itemListElement\":[{\"@type\":\"ListItem\",\"position\":1,\"name\":\"Home\",\"item\":\"https:\\\/\\\/dev01.rmdkwikform.com\\\/cl\\\/\"},{\"@type\":\"ListItem\",\"position\":2,\"name\":\"Pol\u00edtica de privacidad\"}]},{\"@type\":\"WebSite\",\"@id\":\"https:\\\/\\\/dev01.rmdkwikform.com\\\/cl\\\/#website\",\"url\":\"https:\\\/\\\/dev01.rmdkwikform.com\\\/cl\\\/\",\"name\":\"DEV ALTRAD RMD Kwikform\",\"description\":\"Bringing structures to life\",\"publisher\":{\"@id\":\"https:\\\/\\\/dev01.rmdkwikform.com\\\/cl\\\/#organization\"},\"potentialAction\":[{\"@type\":\"SearchAction\",\"target\":{\"@type\":\"EntryPoint\",\"urlTemplate\":\"https:\\\/\\\/dev01.rmdkwikform.com\\\/cl\\\/?s={search_term_string}\"},\"query-input\":{\"@type\":\"PropertyValueSpecification\",\"valueRequired\":true,\"valueName\":\"search_term_string\"}}],\"inLanguage\":\"es-CL\"},{\"@type\":\"Organization\",\"@id\":\"https:\\\/\\\/dev01.rmdkwikform.com\\\/cl\\\/#organization\",\"name\":\"Altrad RMD Kwikform\",\"alternateName\":\"RMD\",\"url\":\"https:\\\/\\\/dev01.rmdkwikform.com\\\/cl\\\/\",\"logo\":{\"@type\":\"ImageObject\",\"inLanguage\":\"es-CL\",\"@id\":\"https:\\\/\\\/dev01.rmdkwikform.com\\\/cl\\\/#\\\/schema\\\/logo\\\/image\\\/\",\"url\":\"https:\\\/\\\/dev01.rmdkwikform.com\\\/wp-content\\\/uploads\\\/2021\\\/10\\\/Altrad-Group-logo.png\",\"contentUrl\":\"https:\\\/\\\/dev01.rmdkwikform.com\\\/wp-content\\\/uploads\\\/2021\\\/10\\\/Altrad-Group-logo.png\",\"width\":225,\"height\":225,\"caption\":\"Altrad RMD Kwikform\"},\"image\":{\"@id\":\"https:\\\/\\\/dev01.rmdkwikform.com\\\/cl\\\/#\\\/schema\\\/logo\\\/image\\\/\"},\"sameAs\":[\"https:\\\/\\\/x.com\\\/RMDKwikform\",\"https:\\\/\\\/www.linkedin.com\\\/company\\\/rmd-kwikform\\\/\",\"https:\\\/\\\/www.youtube.com\\\/user\\\/rmdkwikform\",\"https:\\\/\\\/www.instagram.com\\\/rmdkwikform\\\/\"]}]}<\/script>\n<!-- \/ Yoast SEO plugin. -->","yoast_head_json":{"title":"Pol\u00edtica de privacidad | DEV ALTRAD RMD Kwikform","robots":{"index":"noindex","follow":"follow","max-snippet":"max-snippet:-1","max-image-preview":"max-image-preview:large","max-video-preview":"max-video-preview:-1"},"og_locale":"es_ES","og_type":"article","og_title":"Pol\u00edtica de privacidad | DEV ALTRAD RMD Kwikform","og_description":"Protecci\u00f3n de datos Aviso de privacidad RMD Kwikform (\"Nosotros\") estamos comprometidos con la protecci\u00f3n y el respeto de la privacidad de usuario. Esta pol\u00edtica (junto con nuestras condiciones de uso www.rmdkwikform.com\/uk(\/terms-of-use\/ y cualquier otro documento mencionado...","og_url":"https:\/\/dev01.rmdkwikform.com\/cl\/politica-privacidad\/","og_site_name":"DEV ALTRAD RMD Kwikform","article_modified_time":"2022-04-20T06:58:28+00:00","og_image":[{"width":225,"height":225,"url":"https:\/\/dev01.rmdkwikform.com\/wp-content\/uploads\/2021\/10\/Altrad-Group-logo.png","type":"image\/png"}],"twitter_card":"summary_large_image","twitter_site":"@RMDKwikform","twitter_misc":{"Tiempo estimado de lectura":"7 minutos"},"schema":{"@context":"https:\/\/schema.org","@graph":[{"@type":"WebPage","@id":"https:\/\/dev01.rmdkwikform.com\/cl\/politica-privacidad\/","url":"https:\/\/dev01.rmdkwikform.com\/cl\/politica-privacidad\/","name":"Pol\u00edtica de privacidad | DEV ALTRAD RMD Kwikform","isPartOf":{"@id":"https:\/\/dev01.rmdkwikform.com\/cl\/#website"},"datePublished":"2020-02-05T11:14:25+00:00","dateModified":"2022-04-20T06:58:28+00:00","breadcrumb":{"@id":"https:\/\/dev01.rmdkwikform.com\/cl\/politica-privacidad\/#breadcrumb"},"inLanguage":"es-CL","potentialAction":[{"@type":"ReadAction","target":["https:\/\/dev01.rmdkwikform.com\/cl\/politica-privacidad\/"]}]},{"@type":"BreadcrumbList","@id":"https:\/\/dev01.rmdkwikform.com\/cl\/politica-privacidad\/#breadcrumb","itemListElement":[{"@type":"ListItem","position":1,"name":"Home","item":"https:\/\/dev01.rmdkwikform.com\/cl\/"},{"@type":"ListItem","position":2,"name":"Pol\u00edtica de privacidad"}]},{"@type":"WebSite","@id":"https:\/\/dev01.rmdkwikform.com\/cl\/#website","url":"https:\/\/dev01.rmdkwikform.com\/cl\/","name":"DEV ALTRAD RMD Kwikform","description":"Bringing structures to life","publisher":{"@id":"https:\/\/dev01.rmdkwikform.com\/cl\/#organization"},"potentialAction":[{"@type":"SearchAction","target":{"@type":"EntryPoint","urlTemplate":"https:\/\/dev01.rmdkwikform.com\/cl\/?s={search_term_string}"},"query-input":{"@type":"PropertyValueSpecification","valueRequired":true,"valueName":"search_term_string"}}],"inLanguage":"es-CL"},{"@type":"Organization","@id":"https:\/\/dev01.rmdkwikform.com\/cl\/#organization","name":"Altrad RMD Kwikform","alternateName":"RMD","url":"https:\/\/dev01.rmdkwikform.com\/cl\/","logo":{"@type":"ImageObject","inLanguage":"es-CL","@id":"https:\/\/dev01.rmdkwikform.com\/cl\/#\/schema\/logo\/image\/","url":"https:\/\/dev01.rmdkwikform.com\/wp-content\/uploads\/2021\/10\/Altrad-Group-logo.png","contentUrl":"https:\/\/dev01.rmdkwikform.com\/wp-content\/uploads\/2021\/10\/Altrad-Group-logo.png","width":225,"height":225,"caption":"Altrad RMD Kwikform"},"image":{"@id":"https:\/\/dev01.rmdkwikform.com\/cl\/#\/schema\/logo\/image\/"},"sameAs":["https:\/\/x.com\/RMDKwikform","https:\/\/www.linkedin.com\/company\/rmd-kwikform\/","https:\/\/www.youtube.com\/user\/rmdkwikform","https:\/\/www.instagram.com\/rmdkwikform\/"]}]}},"_links":{"self":[{"href":"https:\/\/dev01.rmdkwikform.com\/cl\/wp-json\/wp\/v2\/pages\/17520","targetHints":{"allow":["GET"]}}],"collection":[{"href":"https:\/\/dev01.rmdkwikform.com\/cl\/wp-json\/wp\/v2\/pages"}],"about":[{"href":"https:\/\/dev01.rmdkwikform.com\/cl\/wp-json\/wp\/v2\/types\/page"}],"author":[{"embeddable":true,"href":"https:\/\/dev01.rmdkwikform.com\/cl\/wp-json\/wp\/v2\/users\/1"}],"replies":[{"embeddable":true,"href":"https:\/\/dev01.rmdkwikform.com\/cl\/wp-json\/wp\/v2\/comments?post=17520"}],"version-history":[{"count":0,"href":"https:\/\/dev01.rmdkwikform.com\/cl\/wp-json\/wp\/v2\/pages\/17520\/revisions"}],"wp:attachment":[{"href":"https:\/\/dev01.rmdkwikform.com\/cl\/wp-json\/wp\/v2\/media?parent=17520"}],"curies":[{"name":"wp","href":"https:\/\/api.w.org\/{rel}","templated":true}]}}