{"id":17517,"date":"2020-07-27T17:38:24","date_gmt":"2020-07-27T16:38:24","guid":{"rendered":"https:\/\/www.rmdkwikform.com\/nuestras-funciones\/"},"modified":"2024-03-01T15:27:06","modified_gmt":"2024-03-01T15:27:06","slug":"nuestras-funciones","status":"publish","type":"page","link":"https:\/\/dev01.rmdkwikform.com\/cl\/nuestras-funciones\/","title":{"rendered":"Nuestras funciones"},"content":{"rendered":"<p>En RMD Kwikform tenemos una gran cantidad de oportunidades disponibles, muchas y variadas trayectorias profesionales en cada departamento en todo el mundo.<\/p>\n<p><strong>Ingenier\u00eda<\/strong><br \/>\nLa ingenier\u00eda es el coraz\u00f3n de nuestro negocio; nuestras capacidades y experiencia son lo que nos distingue en la industria. Debido a la diversidad y complejidad de los proyectos globales, es seguro decir que ning\u00fan d\u00eda ser\u00e1 igual al anterior. Tenemos oportunidades para los que acaban de terminar sus estudios y para los ingenieros civiles con experiencia.<br \/>\nVentas<\/p>\n<p><strong>Ventas<\/strong><\/p>\n<p>Nuestros equipos de ventas son profesionales cualificados con pasi\u00f3n por las obras temporales. Al ser la cara de la empresa ante nuestros clientes de todo el mundo, nuestros equipos de ventas se enorgullecen de todo lo que hacen. Si le interesan las ventas y est\u00e1 dispuesto a aprender todo lo relacionado con las obras temporales, <a href=\"https:\/\/locushub.rmdkwikform.com\/Vacancy\">eche un vistazo a nuestras oportunidades<\/a><\/p>\n<p><strong>Operaciones<\/strong><\/p>\n<p>Nuestros equipos operativos se dedican al servicio al cliente y a garantizar que nuestros equipos est\u00e9n listos para ser transportados por todo el mundo. Si eres organizado y detallista, <a href=\"https:\/\/locushub.rmdkwikform.com\/Vacancy\">considera unirte a nuestro equipo<\/a>.<\/p>\n<p><strong>Marketing<\/strong><\/p>\n<p>A trav\u00e9s de la creaci\u00f3n de contenidos, nuestro equipo de marketing global se dedica a la marca y a la comunicaci\u00f3n con nuestros clientes y prospectos.<\/p>\n<p><strong>Finanzas, RRHH y Administraci\u00f3n<\/strong><\/p>\n<p>Nuestros equipos globales y dedicados a cada pa\u00eds son miembros integrales del equipo de RMD Kwikform; trabajan duro en segundo plano para garantizar que nuestros equipos de operaciones y ventas se centren en dar vida a las estructuras.<\/p>\n","protected":false},"excerpt":{"rendered":"<p>En RMD Kwikform tenemos una gran cantidad de oportunidades disponibles, muchas y variadas trayectorias profesionales en cada departamento en todo el mundo. Ingenier\u00eda La ingenier\u00eda es el coraz\u00f3n de nuestro negocio; nuestras capacidades y experiencia son...<\/p>\n","protected":false},"author":1,"featured_media":0,"parent":0,"menu_order":0,"comment_status":"closed","ping_status":"closed","template":"","meta":{"_acf_changed":false,"content-type":"","footnotes":""},"class_list":["post-17517","page","type-page","status-publish","hentry"],"acf":[],"yoast_head":"<!-- This site is optimized with the Yoast SEO plugin v27.4 - https:\/\/yoast.com\/product\/yoast-seo-wordpress\/ -->\n<title>Nuestras funciones | DEV ALTRAD RMD Kwikform<\/title>\n<meta name=\"description\" content=\"En RMD Kwikform tenemos una gran cantidad de oportunidades disponibles, muchas y variadas trayectorias profesionales en cada departamento en todo el mundo.\" \/>\n<meta name=\"robots\" content=\"noindex, follow, max-snippet:-1, max-image-preview:large, max-video-preview:-1\" \/>\n<meta property=\"og:locale\" content=\"es_ES\" \/>\n<meta property=\"og:type\" content=\"article\" \/>\n<meta property=\"og:title\" content=\"Nuestras funciones | DEV ALTRAD RMD Kwikform\" \/>\n<meta property=\"og:description\" content=\"En RMD Kwikform tenemos una gran cantidad de oportunidades disponibles, muchas y variadas trayectorias profesionales en cada departamento en todo el mundo.\" \/>\n<meta property=\"og:url\" content=\"https:\/\/dev01.rmdkwikform.com\/cl\/nuestras-funciones\/\" \/>\n<meta property=\"og:site_name\" content=\"DEV ALTRAD RMD Kwikform\" \/>\n<meta property=\"article:modified_time\" content=\"2024-03-01T15:27:06+00:00\" \/>\n<meta property=\"og:image\" content=\"https:\/\/dev01.rmdkwikform.com\/wp-content\/uploads\/2021\/10\/Altrad-Group-logo.png\" \/>\n\t<meta property=\"og:image:width\" content=\"225\" \/>\n\t<meta property=\"og:image:height\" content=\"225\" \/>\n\t<meta property=\"og:image:type\" content=\"image\/png\" \/>\n<meta name=\"twitter:card\" content=\"summary_large_image\" \/>\n<meta name=\"twitter:site\" content=\"@RMDKwikform\" \/>\n<meta name=\"twitter:label1\" content=\"Tiempo estimado de lectura\" \/>\n\t<meta name=\"twitter:data1\" content=\"2 minutos\" \/>\n<script type=\"application\/ld+json\" class=\"yoast-schema-graph\">{\"@context\":\"https:\\\/\\\/schema.org\",\"@graph\":[{\"@type\":\"WebPage\",\"@id\":\"https:\\\/\\\/dev01.rmdkwikform.com\\\/cl\\\/nuestras-funciones\\\/\",\"url\":\"https:\\\/\\\/dev01.rmdkwikform.com\\\/cl\\\/nuestras-funciones\\\/\",\"name\":\"Nuestras funciones | DEV ALTRAD RMD Kwikform\",\"isPartOf\":{\"@id\":\"https:\\\/\\\/dev01.rmdkwikform.com\\\/cl\\\/#website\"},\"datePublished\":\"2020-07-27T16:38:24+00:00\",\"dateModified\":\"2024-03-01T15:27:06+00:00\",\"description\":\"En RMD Kwikform tenemos una gran cantidad de oportunidades disponibles, muchas y variadas trayectorias profesionales en cada departamento en todo el mundo.\",\"breadcrumb\":{\"@id\":\"https:\\\/\\\/dev01.rmdkwikform.com\\\/cl\\\/nuestras-funciones\\\/#breadcrumb\"},\"inLanguage\":\"es-CL\",\"potentialAction\":[{\"@type\":\"ReadAction\",\"target\":[\"https:\\\/\\\/dev01.rmdkwikform.com\\\/cl\\\/nuestras-funciones\\\/\"]}]},{\"@type\":\"BreadcrumbList\",\"@id\":\"https:\\\/\\\/dev01.rmdkwikform.com\\\/cl\\\/nuestras-funciones\\\/#breadcrumb\",\"itemListElement\":[{\"@type\":\"ListItem\",\"position\":1,\"name\":\"Home\",\"item\":\"https:\\\/\\\/dev01.rmdkwikform.com\\\/cl\\\/\"},{\"@type\":\"ListItem\",\"position\":2,\"name\":\"Nuestras funciones\"}]},{\"@type\":\"WebSite\",\"@id\":\"https:\\\/\\\/dev01.rmdkwikform.com\\\/cl\\\/#website\",\"url\":\"https:\\\/\\\/dev01.rmdkwikform.com\\\/cl\\\/\",\"name\":\"DEV ALTRAD RMD Kwikform\",\"description\":\"Bringing structures to life\",\"publisher\":{\"@id\":\"https:\\\/\\\/dev01.rmdkwikform.com\\\/cl\\\/#organization\"},\"potentialAction\":[{\"@type\":\"SearchAction\",\"target\":{\"@type\":\"EntryPoint\",\"urlTemplate\":\"https:\\\/\\\/dev01.rmdkwikform.com\\\/cl\\\/?s={search_term_string}\"},\"query-input\":{\"@type\":\"PropertyValueSpecification\",\"valueRequired\":true,\"valueName\":\"search_term_string\"}}],\"inLanguage\":\"es-CL\"},{\"@type\":\"Organization\",\"@id\":\"https:\\\/\\\/dev01.rmdkwikform.com\\\/cl\\\/#organization\",\"name\":\"Altrad RMD Kwikform\",\"alternateName\":\"RMD\",\"url\":\"https:\\\/\\\/dev01.rmdkwikform.com\\\/cl\\\/\",\"logo\":{\"@type\":\"ImageObject\",\"inLanguage\":\"es-CL\",\"@id\":\"https:\\\/\\\/dev01.rmdkwikform.com\\\/cl\\\/#\\\/schema\\\/logo\\\/image\\\/\",\"url\":\"https:\\\/\\\/dev01.rmdkwikform.com\\\/wp-content\\\/uploads\\\/2021\\\/10\\\/Altrad-Group-logo.png\",\"contentUrl\":\"https:\\\/\\\/dev01.rmdkwikform.com\\\/wp-content\\\/uploads\\\/2021\\\/10\\\/Altrad-Group-logo.png\",\"width\":225,\"height\":225,\"caption\":\"Altrad RMD Kwikform\"},\"image\":{\"@id\":\"https:\\\/\\\/dev01.rmdkwikform.com\\\/cl\\\/#\\\/schema\\\/logo\\\/image\\\/\"},\"sameAs\":[\"https:\\\/\\\/x.com\\\/RMDKwikform\",\"https:\\\/\\\/www.linkedin.com\\\/company\\\/rmd-kwikform\\\/\",\"https:\\\/\\\/www.youtube.com\\\/user\\\/rmdkwikform\",\"https:\\\/\\\/www.instagram.com\\\/rmdkwikform\\\/\"]}]}<\/script>\n<!-- \/ Yoast SEO plugin. -->","yoast_head_json":{"title":"Nuestras funciones | DEV ALTRAD RMD Kwikform","description":"En RMD Kwikform tenemos una gran cantidad de oportunidades disponibles, muchas y variadas trayectorias profesionales en cada departamento en todo el mundo.","robots":{"index":"noindex","follow":"follow","max-snippet":"max-snippet:-1","max-image-preview":"max-image-preview:large","max-video-preview":"max-video-preview:-1"},"og_locale":"es_ES","og_type":"article","og_title":"Nuestras funciones | DEV ALTRAD RMD Kwikform","og_description":"En RMD Kwikform tenemos una gran cantidad de oportunidades disponibles, muchas y variadas trayectorias profesionales en cada departamento en todo el mundo.","og_url":"https:\/\/dev01.rmdkwikform.com\/cl\/nuestras-funciones\/","og_site_name":"DEV ALTRAD RMD Kwikform","article_modified_time":"2024-03-01T15:27:06+00:00","og_image":[{"width":225,"height":225,"url":"https:\/\/dev01.rmdkwikform.com\/wp-content\/uploads\/2021\/10\/Altrad-Group-logo.png","type":"image\/png"}],"twitter_card":"summary_large_image","twitter_site":"@RMDKwikform","twitter_misc":{"Tiempo estimado de lectura":"2 minutos"},"schema":{"@context":"https:\/\/schema.org","@graph":[{"@type":"WebPage","@id":"https:\/\/dev01.rmdkwikform.com\/cl\/nuestras-funciones\/","url":"https:\/\/dev01.rmdkwikform.com\/cl\/nuestras-funciones\/","name":"Nuestras funciones | DEV ALTRAD RMD Kwikform","isPartOf":{"@id":"https:\/\/dev01.rmdkwikform.com\/cl\/#website"},"datePublished":"2020-07-27T16:38:24+00:00","dateModified":"2024-03-01T15:27:06+00:00","description":"En RMD Kwikform tenemos una gran cantidad de oportunidades disponibles, muchas y variadas trayectorias profesionales en cada departamento en todo el mundo.","breadcrumb":{"@id":"https:\/\/dev01.rmdkwikform.com\/cl\/nuestras-funciones\/#breadcrumb"},"inLanguage":"es-CL","potentialAction":[{"@type":"ReadAction","target":["https:\/\/dev01.rmdkwikform.com\/cl\/nuestras-funciones\/"]}]},{"@type":"BreadcrumbList","@id":"https:\/\/dev01.rmdkwikform.com\/cl\/nuestras-funciones\/#breadcrumb","itemListElement":[{"@type":"ListItem","position":1,"name":"Home","item":"https:\/\/dev01.rmdkwikform.com\/cl\/"},{"@type":"ListItem","position":2,"name":"Nuestras funciones"}]},{"@type":"WebSite","@id":"https:\/\/dev01.rmdkwikform.com\/cl\/#website","url":"https:\/\/dev01.rmdkwikform.com\/cl\/","name":"DEV ALTRAD RMD Kwikform","description":"Bringing structures to life","publisher":{"@id":"https:\/\/dev01.rmdkwikform.com\/cl\/#organization"},"potentialAction":[{"@type":"SearchAction","target":{"@type":"EntryPoint","urlTemplate":"https:\/\/dev01.rmdkwikform.com\/cl\/?s={search_term_string}"},"query-input":{"@type":"PropertyValueSpecification","valueRequired":true,"valueName":"search_term_string"}}],"inLanguage":"es-CL"},{"@type":"Organization","@id":"https:\/\/dev01.rmdkwikform.com\/cl\/#organization","name":"Altrad RMD Kwikform","alternateName":"RMD","url":"https:\/\/dev01.rmdkwikform.com\/cl\/","logo":{"@type":"ImageObject","inLanguage":"es-CL","@id":"https:\/\/dev01.rmdkwikform.com\/cl\/#\/schema\/logo\/image\/","url":"https:\/\/dev01.rmdkwikform.com\/wp-content\/uploads\/2021\/10\/Altrad-Group-logo.png","contentUrl":"https:\/\/dev01.rmdkwikform.com\/wp-content\/uploads\/2021\/10\/Altrad-Group-logo.png","width":225,"height":225,"caption":"Altrad RMD Kwikform"},"image":{"@id":"https:\/\/dev01.rmdkwikform.com\/cl\/#\/schema\/logo\/image\/"},"sameAs":["https:\/\/x.com\/RMDKwikform","https:\/\/www.linkedin.com\/company\/rmd-kwikform\/","https:\/\/www.youtube.com\/user\/rmdkwikform","https:\/\/www.instagram.com\/rmdkwikform\/"]}]}},"_links":{"self":[{"href":"https:\/\/dev01.rmdkwikform.com\/cl\/wp-json\/wp\/v2\/pages\/17517","targetHints":{"allow":["GET"]}}],"collection":[{"href":"https:\/\/dev01.rmdkwikform.com\/cl\/wp-json\/wp\/v2\/pages"}],"about":[{"href":"https:\/\/dev01.rmdkwikform.com\/cl\/wp-json\/wp\/v2\/types\/page"}],"author":[{"embeddable":true,"href":"https:\/\/dev01.rmdkwikform.com\/cl\/wp-json\/wp\/v2\/users\/1"}],"replies":[{"embeddable":true,"href":"https:\/\/dev01.rmdkwikform.com\/cl\/wp-json\/wp\/v2\/comments?post=17517"}],"version-history":[{"count":0,"href":"https:\/\/dev01.rmdkwikform.com\/cl\/wp-json\/wp\/v2\/pages\/17517\/revisions"}],"wp:attachment":[{"href":"https:\/\/dev01.rmdkwikform.com\/cl\/wp-json\/wp\/v2\/media?parent=17517"}],"curies":[{"name":"wp","href":"https:\/\/api.w.org\/{rel}","templated":true}]}}