{"id":17514,"date":"2020-07-27T17:32:37","date_gmt":"2020-07-27T16:32:37","guid":{"rendered":"https:\/\/www.rmdkwikform.com\/nuestros-valores\/"},"modified":"2023-09-22T15:55:45","modified_gmt":"2023-09-22T14:55:45","slug":"nuestros-valores","status":"publish","type":"page","link":"https:\/\/dev01.rmdkwikform.com\/cl\/nuestros-valores\/","title":{"rendered":"Nuestra cultura"},"content":{"rendered":"<p>Nuestro negocio est\u00e1 construido por personas de todas las culturas, en 14 pa\u00edses y seis continentes. Lo que tenemos en com\u00fan es la honestidad, la confianza y la pasi\u00f3n por la marca RMD Kwikform y el \u00e9xito empresarial.<\/p>\n<h2>Nuestros valores<\/h2>\n<p><strong>Enorgull\u00e9zcase de lo que hace<\/strong><br \/>\nCada d\u00eda, en cada tarea, le animaremos a alcanzar su potencial, a sentirse realizado y a luchar por la excelencia.<\/p>\n<p><strong>Dar vida a lo mejor<\/strong><br \/>\nHazlo mejor, s\u00e9 mejor. Queremos que crezcas haciendo preguntas, buscando respuestas y desarrollando ideas para fomentar nuevas formas de trabajar que apoyen tu carrera y el crecimiento del negocio.<\/p>\n<p><strong>Haz lo correcto<\/strong><br \/>\nHaga todo lo que pueda y anime a los dem\u00e1s a hacer lo mismo. No aceptes nunca que \"eso sea suficiente\" cuando se trate de tu salud y seguridad y la de los dem\u00e1s.<\/p>\n<p><strong>Todo el mundo tiene voz<\/strong><br \/>\nQueremos que seas abierto al expresar tus puntos de vista y opiniones. Con respeto y paciencia, juntos marcaremos la diferencia.<\/p>\n<a class=\"btn rounded btn--shortcode\" target=\"_self\" href=\"\/contact-us\/\">Contacta<\/a>\n","protected":false},"excerpt":{"rendered":"<p>Nuestro negocio est\u00e1 construido por personas de todas las culturas, en 14 pa\u00edses y seis continentes. Lo que tenemos en com\u00fan es la honestidad, la confianza y la pasi\u00f3n por la marca RMD Kwikform y el...<\/p>\n","protected":false},"author":1,"featured_media":18560,"parent":0,"menu_order":0,"comment_status":"closed","ping_status":"closed","template":"","meta":{"_acf_changed":false,"content-type":"","footnotes":""},"class_list":["post-17514","page","type-page","status-publish","has-post-thumbnail","hentry"],"acf":[],"yoast_head":"<!-- This site is optimized with the Yoast SEO plugin v27.4 - https:\/\/yoast.com\/product\/yoast-seo-wordpress\/ -->\n<title>Nuestra cultura | DEV ALTRAD RMD Kwikform<\/title>\n<meta name=\"description\" content=\"Nuestro negocio est\u00e1 construido por personas de todas las culturas, en 22 pa\u00edses y seis continentes.\" \/>\n<meta name=\"robots\" content=\"noindex, follow, max-snippet:-1, max-image-preview:large, max-video-preview:-1\" \/>\n<meta property=\"og:locale\" content=\"es_ES\" \/>\n<meta property=\"og:type\" content=\"article\" \/>\n<meta property=\"og:title\" content=\"Nuestra cultura | DEV ALTRAD RMD Kwikform\" \/>\n<meta property=\"og:description\" content=\"Nuestro negocio est\u00e1 construido por personas de todas las culturas, en 22 pa\u00edses y seis continentes.\" \/>\n<meta property=\"og:url\" content=\"https:\/\/dev01.rmdkwikform.com\/cl\/nuestros-valores\/\" \/>\n<meta property=\"og:site_name\" content=\"DEV ALTRAD RMD Kwikform\" \/>\n<meta property=\"article:modified_time\" content=\"2023-09-22T14:55:45+00:00\" \/>\n<meta property=\"og:image\" content=\"https:\/\/dev01.rmdkwikform.com\/wp-content\/uploads\/2020\/03\/Tubeshor-Banner-1.png\" \/>\n\t<meta property=\"og:image:width\" content=\"1920\" \/>\n\t<meta property=\"og:image:height\" content=\"768\" \/>\n\t<meta property=\"og:image:type\" content=\"image\/png\" \/>\n<meta name=\"twitter:card\" content=\"summary_large_image\" \/>\n<meta name=\"twitter:site\" content=\"@RMDKwikform\" \/>\n<meta name=\"twitter:label1\" content=\"Tiempo estimado de lectura\" \/>\n\t<meta name=\"twitter:data1\" content=\"1 minuto\" \/>\n<script type=\"application\/ld+json\" class=\"yoast-schema-graph\">{\"@context\":\"https:\\\/\\\/schema.org\",\"@graph\":[{\"@type\":\"WebPage\",\"@id\":\"https:\\\/\\\/dev01.rmdkwikform.com\\\/cl\\\/nuestros-valores\\\/\",\"url\":\"https:\\\/\\\/dev01.rmdkwikform.com\\\/cl\\\/nuestros-valores\\\/\",\"name\":\"Nuestra cultura | DEV ALTRAD RMD Kwikform\",\"isPartOf\":{\"@id\":\"https:\\\/\\\/dev01.rmdkwikform.com\\\/cl\\\/#website\"},\"primaryImageOfPage\":{\"@id\":\"https:\\\/\\\/dev01.rmdkwikform.com\\\/cl\\\/nuestros-valores\\\/#primaryimage\"},\"image\":{\"@id\":\"https:\\\/\\\/dev01.rmdkwikform.com\\\/cl\\\/nuestros-valores\\\/#primaryimage\"},\"thumbnailUrl\":\"https:\\\/\\\/dev01.rmdkwikform.com\\\/wp-content\\\/uploads\\\/2020\\\/03\\\/Tubeshor-Banner-1.png\",\"datePublished\":\"2020-07-27T16:32:37+00:00\",\"dateModified\":\"2023-09-22T14:55:45+00:00\",\"description\":\"Nuestro negocio est\u00e1 construido por personas de todas las culturas, en 22 pa\u00edses y seis continentes.\",\"breadcrumb\":{\"@id\":\"https:\\\/\\\/dev01.rmdkwikform.com\\\/cl\\\/nuestros-valores\\\/#breadcrumb\"},\"inLanguage\":\"es-CL\",\"potentialAction\":[{\"@type\":\"ReadAction\",\"target\":[\"https:\\\/\\\/dev01.rmdkwikform.com\\\/cl\\\/nuestros-valores\\\/\"]}]},{\"@type\":\"ImageObject\",\"inLanguage\":\"es-CL\",\"@id\":\"https:\\\/\\\/dev01.rmdkwikform.com\\\/cl\\\/nuestros-valores\\\/#primaryimage\",\"url\":\"https:\\\/\\\/dev01.rmdkwikform.com\\\/wp-content\\\/uploads\\\/2020\\\/03\\\/Tubeshor-Banner-1.png\",\"contentUrl\":\"https:\\\/\\\/dev01.rmdkwikform.com\\\/wp-content\\\/uploads\\\/2020\\\/03\\\/Tubeshor-Banner-1.png\",\"width\":1920,\"height\":768},{\"@type\":\"BreadcrumbList\",\"@id\":\"https:\\\/\\\/dev01.rmdkwikform.com\\\/cl\\\/nuestros-valores\\\/#breadcrumb\",\"itemListElement\":[{\"@type\":\"ListItem\",\"position\":1,\"name\":\"Home\",\"item\":\"https:\\\/\\\/dev01.rmdkwikform.com\\\/cl\\\/\"},{\"@type\":\"ListItem\",\"position\":2,\"name\":\"Nuestra cultura\"}]},{\"@type\":\"WebSite\",\"@id\":\"https:\\\/\\\/dev01.rmdkwikform.com\\\/cl\\\/#website\",\"url\":\"https:\\\/\\\/dev01.rmdkwikform.com\\\/cl\\\/\",\"name\":\"DEV ALTRAD RMD Kwikform\",\"description\":\"Bringing structures to life\",\"publisher\":{\"@id\":\"https:\\\/\\\/dev01.rmdkwikform.com\\\/cl\\\/#organization\"},\"potentialAction\":[{\"@type\":\"SearchAction\",\"target\":{\"@type\":\"EntryPoint\",\"urlTemplate\":\"https:\\\/\\\/dev01.rmdkwikform.com\\\/cl\\\/?s={search_term_string}\"},\"query-input\":{\"@type\":\"PropertyValueSpecification\",\"valueRequired\":true,\"valueName\":\"search_term_string\"}}],\"inLanguage\":\"es-CL\"},{\"@type\":\"Organization\",\"@id\":\"https:\\\/\\\/dev01.rmdkwikform.com\\\/cl\\\/#organization\",\"name\":\"Altrad RMD Kwikform\",\"alternateName\":\"RMD\",\"url\":\"https:\\\/\\\/dev01.rmdkwikform.com\\\/cl\\\/\",\"logo\":{\"@type\":\"ImageObject\",\"inLanguage\":\"es-CL\",\"@id\":\"https:\\\/\\\/dev01.rmdkwikform.com\\\/cl\\\/#\\\/schema\\\/logo\\\/image\\\/\",\"url\":\"https:\\\/\\\/dev01.rmdkwikform.com\\\/wp-content\\\/uploads\\\/2021\\\/10\\\/Altrad-Group-logo.png\",\"contentUrl\":\"https:\\\/\\\/dev01.rmdkwikform.com\\\/wp-content\\\/uploads\\\/2021\\\/10\\\/Altrad-Group-logo.png\",\"width\":225,\"height\":225,\"caption\":\"Altrad RMD Kwikform\"},\"image\":{\"@id\":\"https:\\\/\\\/dev01.rmdkwikform.com\\\/cl\\\/#\\\/schema\\\/logo\\\/image\\\/\"},\"sameAs\":[\"https:\\\/\\\/x.com\\\/RMDKwikform\",\"https:\\\/\\\/www.linkedin.com\\\/company\\\/rmd-kwikform\\\/\",\"https:\\\/\\\/www.youtube.com\\\/user\\\/rmdkwikform\",\"https:\\\/\\\/www.instagram.com\\\/rmdkwikform\\\/\"]}]}<\/script>\n<!-- \/ Yoast SEO plugin. -->","yoast_head_json":{"title":"Nuestra cultura | DEV ALTRAD RMD Kwikform","description":"Nuestro negocio est\u00e1 construido por personas de todas las culturas, en 22 pa\u00edses y seis continentes.","robots":{"index":"noindex","follow":"follow","max-snippet":"max-snippet:-1","max-image-preview":"max-image-preview:large","max-video-preview":"max-video-preview:-1"},"og_locale":"es_ES","og_type":"article","og_title":"Nuestra cultura | DEV ALTRAD RMD Kwikform","og_description":"Nuestro negocio est\u00e1 construido por personas de todas las culturas, en 22 pa\u00edses y seis continentes.","og_url":"https:\/\/dev01.rmdkwikform.com\/cl\/nuestros-valores\/","og_site_name":"DEV ALTRAD RMD Kwikform","article_modified_time":"2023-09-22T14:55:45+00:00","og_image":[{"width":1920,"height":768,"url":"https:\/\/dev01.rmdkwikform.com\/wp-content\/uploads\/2020\/03\/Tubeshor-Banner-1.png","type":"image\/png"}],"twitter_card":"summary_large_image","twitter_site":"@RMDKwikform","twitter_misc":{"Tiempo estimado de lectura":"1 minuto"},"schema":{"@context":"https:\/\/schema.org","@graph":[{"@type":"WebPage","@id":"https:\/\/dev01.rmdkwikform.com\/cl\/nuestros-valores\/","url":"https:\/\/dev01.rmdkwikform.com\/cl\/nuestros-valores\/","name":"Nuestra cultura | DEV ALTRAD RMD Kwikform","isPartOf":{"@id":"https:\/\/dev01.rmdkwikform.com\/cl\/#website"},"primaryImageOfPage":{"@id":"https:\/\/dev01.rmdkwikform.com\/cl\/nuestros-valores\/#primaryimage"},"image":{"@id":"https:\/\/dev01.rmdkwikform.com\/cl\/nuestros-valores\/#primaryimage"},"thumbnailUrl":"https:\/\/dev01.rmdkwikform.com\/wp-content\/uploads\/2020\/03\/Tubeshor-Banner-1.png","datePublished":"2020-07-27T16:32:37+00:00","dateModified":"2023-09-22T14:55:45+00:00","description":"Nuestro negocio est\u00e1 construido por personas de todas las culturas, en 22 pa\u00edses y seis continentes.","breadcrumb":{"@id":"https:\/\/dev01.rmdkwikform.com\/cl\/nuestros-valores\/#breadcrumb"},"inLanguage":"es-CL","potentialAction":[{"@type":"ReadAction","target":["https:\/\/dev01.rmdkwikform.com\/cl\/nuestros-valores\/"]}]},{"@type":"ImageObject","inLanguage":"es-CL","@id":"https:\/\/dev01.rmdkwikform.com\/cl\/nuestros-valores\/#primaryimage","url":"https:\/\/dev01.rmdkwikform.com\/wp-content\/uploads\/2020\/03\/Tubeshor-Banner-1.png","contentUrl":"https:\/\/dev01.rmdkwikform.com\/wp-content\/uploads\/2020\/03\/Tubeshor-Banner-1.png","width":1920,"height":768},{"@type":"BreadcrumbList","@id":"https:\/\/dev01.rmdkwikform.com\/cl\/nuestros-valores\/#breadcrumb","itemListElement":[{"@type":"ListItem","position":1,"name":"Home","item":"https:\/\/dev01.rmdkwikform.com\/cl\/"},{"@type":"ListItem","position":2,"name":"Nuestra cultura"}]},{"@type":"WebSite","@id":"https:\/\/dev01.rmdkwikform.com\/cl\/#website","url":"https:\/\/dev01.rmdkwikform.com\/cl\/","name":"DEV ALTRAD RMD Kwikform","description":"Bringing structures to life","publisher":{"@id":"https:\/\/dev01.rmdkwikform.com\/cl\/#organization"},"potentialAction":[{"@type":"SearchAction","target":{"@type":"EntryPoint","urlTemplate":"https:\/\/dev01.rmdkwikform.com\/cl\/?s={search_term_string}"},"query-input":{"@type":"PropertyValueSpecification","valueRequired":true,"valueName":"search_term_string"}}],"inLanguage":"es-CL"},{"@type":"Organization","@id":"https:\/\/dev01.rmdkwikform.com\/cl\/#organization","name":"Altrad RMD Kwikform","alternateName":"RMD","url":"https:\/\/dev01.rmdkwikform.com\/cl\/","logo":{"@type":"ImageObject","inLanguage":"es-CL","@id":"https:\/\/dev01.rmdkwikform.com\/cl\/#\/schema\/logo\/image\/","url":"https:\/\/dev01.rmdkwikform.com\/wp-content\/uploads\/2021\/10\/Altrad-Group-logo.png","contentUrl":"https:\/\/dev01.rmdkwikform.com\/wp-content\/uploads\/2021\/10\/Altrad-Group-logo.png","width":225,"height":225,"caption":"Altrad RMD Kwikform"},"image":{"@id":"https:\/\/dev01.rmdkwikform.com\/cl\/#\/schema\/logo\/image\/"},"sameAs":["https:\/\/x.com\/RMDKwikform","https:\/\/www.linkedin.com\/company\/rmd-kwikform\/","https:\/\/www.youtube.com\/user\/rmdkwikform","https:\/\/www.instagram.com\/rmdkwikform\/"]}]}},"_links":{"self":[{"href":"https:\/\/dev01.rmdkwikform.com\/cl\/wp-json\/wp\/v2\/pages\/17514","targetHints":{"allow":["GET"]}}],"collection":[{"href":"https:\/\/dev01.rmdkwikform.com\/cl\/wp-json\/wp\/v2\/pages"}],"about":[{"href":"https:\/\/dev01.rmdkwikform.com\/cl\/wp-json\/wp\/v2\/types\/page"}],"author":[{"embeddable":true,"href":"https:\/\/dev01.rmdkwikform.com\/cl\/wp-json\/wp\/v2\/users\/1"}],"replies":[{"embeddable":true,"href":"https:\/\/dev01.rmdkwikform.com\/cl\/wp-json\/wp\/v2\/comments?post=17514"}],"version-history":[{"count":0,"href":"https:\/\/dev01.rmdkwikform.com\/cl\/wp-json\/wp\/v2\/pages\/17514\/revisions"}],"wp:featuredmedia":[{"embeddable":true,"href":"https:\/\/dev01.rmdkwikform.com\/cl\/wp-json\/wp\/v2\/media\/18560"}],"wp:attachment":[{"href":"https:\/\/dev01.rmdkwikform.com\/cl\/wp-json\/wp\/v2\/media?parent=17514"}],"curies":[{"name":"wp","href":"https:\/\/api.w.org\/{rel}","templated":true}]}}