{"id":17504,"date":"2020-02-21T15:05:22","date_gmt":"2020-02-21T15:05:22","guid":{"rendered":"https:\/\/www.rmdkwikform.com\/cookies\/"},"modified":"2022-04-20T07:56:02","modified_gmt":"2022-04-20T06:56:02","slug":"cookies","status":"publish","type":"page","link":"https:\/\/dev01.rmdkwikform.com\/cl\/cookies\/","title":{"rendered":"Cookies"},"content":{"rendered":"<p>Nuestra p\u00e1gina web usa cookies para distinguirte de otros usuarios de nuestro sitio. Esto nos ayuda a brindarte una buena experiencia cuando navegas en nuestra p\u00e1gina y nos permite mejorarla. Puedes leer m\u00e1s sobra cada cookie a continuaci\u00f3n:<\/p>\n<table style=\"padding: 10px;\">\n<tbody>\n<tr>\n<td width=\"150px\">\n<h3><strong>Cookie<\/strong><\/h3>\n<\/td>\n<td>\n<h3>Prop\u00f3sito<\/h3>\n<\/td>\n<td width=\"150px\">\n<h3>Fecha de expiraci\u00f3n<\/h3>\n<\/td>\n<\/tr>\n<tr style=\"background-color: #f2f2f2;\">\n<td style=\"padding-top: 10px; padding-bottom: 10px; padding-right: 10px;\">_GRECAPTCHA<\/td>\n<td style=\"padding-top: 10px; padding-bottom: 10px; padding-right: 10px;\">Esta cookie pertenece a Google reCAPTCHA, que protege nuestra p\u00e1gina de solicitudes de spam o formularios de contacto.<\/td>\n<td style=\"padding-top: 10px; padding-bottom: 10px; padding-right: 10px;\">6 meses desde el inicio de sesi\u00f3n<\/td>\n<\/tr>\n<tr>\n<td style=\"padding-top: 10px; padding-bottom: 10px; padding-right: 10px;\">_ga<\/td>\n<td style=\"padding-top: 10px; padding-bottom: 10px; padding-right: 10px;\">Esta cookie es una cookie persistente de Google Analytics que se usa para distinguir a un usuario en particular.<\/td>\n<td style=\"padding-top: 10px; padding-bottom: 10px; padding-right: 10px;\">2 a\u00f1os desde el inicio de sesi\u00f3n<\/td>\n<\/tr>\n<tr style=\"background-color: #f2f2f2;\">\n<td style=\"padding-top: 10px; padding-bottom: 10px; padding-right: 10px;\">_gcl<\/td>\n<td style=\"padding-top: 10px; padding-bottom: 10px; padding-right: 10px;\">Google usa esta cookie para almacenar informaci\u00f3n de campa\u00f1as para darle a Google Ads una forma m\u00e1s confiable de medir las interacciones con el sitio. Esta cookie contiene informaci\u00f3n de campa\u00f1as.<\/td>\n<td style=\"padding-top: 10px; padding-bottom: 10px; padding-right: 10px;\">3 meses desde el inicio de sesi\u00f3n<\/td>\n<\/tr>\n<tr>\n<td style=\"padding-top: 10px; padding-bottom: 10px; padding-right: 10px;\">_gid<\/td>\n<td style=\"padding-top: 10px; padding-bottom: 10px; padding-right: 10px;\">Esta cookie es instalada por Google Analytics. La cookie se usa para almacenar informaci\u00f3n sobre c\u00f3mo los usuarios usan una p\u00e1gina web y ayuda a crear un informe anal\u00edtico de c\u00f3mo funciona el sitio. La informaci\u00f3n recopilada incluye el n\u00famero de visitantes, la fuente de d\u00f3nde vinieron, y las p\u00e1ginas que visitaron, todo en un formulario an\u00f3nimo.<\/td>\n<td style=\"padding-top: 10px; padding-bottom: 10px; padding-right: 10px;\">24 horas despu\u00e9s del inicio de sesi\u00f3n<\/td>\n<\/tr>\n<tr style=\"background-color: #f2f2f2;\">\n<td style=\"padding-top: 10px; padding-bottom: 10px; padding-right: 10px;\">moove_gdpr_popup<\/td>\n<td style=\"padding-top: 10px; padding-bottom: 10px; padding-right: 10px;\">Cuando se activa esta cookie, estas cookies se usan para guardar tus preferencias de ajuste de cookies.<\/td>\n<td style=\"padding-top: 10px; padding-bottom: 10px; padding-right: 10px;\">1 a\u00f1o desde el inicio de sesi\u00f3n<\/td>\n<\/tr>\n<tr>\n<td style=\"padding-top: 10px; padding-bottom: 10px; padding-right: 10px;\">selected_region<\/td>\n<td style=\"padding-top: 10px; padding-bottom: 10px; padding-right: 10px;\">Esta cookie se usa para recordar la elecci\u00f3n que un usuario hace sobre su ubicaci\u00f3n con el seleccionador de \u00e1rea o territorio. Esto permite que el \u00e1rea seleccionada por un usuario sea visualizada al regresar a la p\u00e1gina web..<\/td>\n<td style=\"padding-top: 10px; padding-bottom: 10px; padding-right: 10px;\">1 a\u00f1o desde el inicio de sesi\u00f3n<\/td>\n<\/tr>\n<\/tbody>\n<\/table>\n<p><strong>USO DE LA INFORMACI\u00d3N<\/strong><br \/>\nUsamos la informaci\u00f3n acerca del usuario de la siguiente manera:<br \/>\nInformaci\u00f3n que recopilamos sobre el usuario. Usaremos esta informaci\u00f3n para:<\/p>\n<ul>\n<li>Cumplir con nuestras obligaciones derivadas de cualquier contrato entre el usuario y nosotros y proporcionar la informaci\u00f3n, productos y servicios que requiera de nosotros;<\/li>\n<li>Brindar informaci\u00f3n sobre otros bienes y servicios que ofrecemos y que sean similares a los que el usuario ya ha comprado o por los que ya ha preguntado;<\/li>\n<li>Notificarte sobre cambios en nuestro servicio<\/li>\n<li>Garantizar que el contenido de nuestra p\u00e1gina web sea presentado de la manera m\u00e1s eficaz para el usuario y su computador.<\/li>\n<\/ul>\n<p>Informaci\u00f3n que recopilamos sobre el usuario. Usaremos esta informaci\u00f3n para:<\/p>\n<ul>\n<li style=\"font-weight: 400;\">Administrar nuestra p\u00e1gina y para operaciones internas, incluyendo soluci\u00f3n de proble,as, an\u00e1lisis de datos, testeo, pruebas, investigaci\u00f3n, prop\u00f3sitos de estad\u00edstica y mediciones.<\/li>\n<li style=\"font-weight: 400;\">Mejorar nuestra p\u00e1gina para garantizar que el contenido se presente de la forma m\u00e1s eficaz para el usuario y su computador<\/li>\n<li style=\"font-weight: 400;\">Permitir que el usuario participe en las funciones interactivas de nuestro servicio, cuando elija hacerlo;<\/li>\n<li style=\"font-weight: 400;\">Como parte de nuestros esfuerzos para mantener nuestra p\u00e1gina web segura;<\/li>\n<li style=\"font-weight: 400;\">Medir o comprender la eficacia de la publicidad que proporcionamos a los usuarios, y mostrar publicidad relevante;<\/li>\n<li style=\"font-weight: 400;\">Realizar sugerencias y recomendaciones a los usuario de nuestra p\u00e1gina web sobre bienes o servicios que puedan ser de su inter\u00e9s.<\/li>\n<\/ul>\n<p>La informaci\u00f3n que recibimos de otras fuentes: Podemos combinar esta informaci\u00f3n con la informaci\u00f3n proporcionada por el usuario y la informaci\u00f3n que nosotros recopilamos del usuario y usarla para prop\u00f3sitos mencionados anteriormente (dependiendo del tipo de informaci\u00f3n que recibamos).<\/p>\n<h3>REVELACI\u00d3N DE LA INFORMACI\u00d3N DEL USUARIO<\/h3>\n<p>Podemos compartir informaci\u00f3n personal del usuario con cualquier miembro de nuestro grupo, lo que se refiere a nuestro \u00faltimo holding empresarial y sus subsidiarias, como se define en la secci\u00f3n 1159 de la Ley de Sociedades del 2006 de Reino Unido.<\/p>\n<p>Podemos compartir informaci\u00f3n con terceros seleccionados, incluyendo:<\/p>\n<ul>\n<li style=\"font-weight: 400;\">Publicistas y redes publicitarias que requieran la informaci\u00f3n para seleccionar y proporcionar publicidad relevante para los usuarios. [No divulgamos informaci\u00f3n sobre personas identificables a nuestros publicistas, pero podemos entregarles informaci\u00f3n colectiva sobre nuestros usuarios (por ejemplo, podemos informar que 500 hombres menores de 30 han hecho clic en su publicidad en una fecha determinada). Podemos tambi\u00e9n usar esta informaci\u00f3n colectiva para ayudar a los publicistas a llegar al p\u00fablico objetivo que quieren (por ejemplo, mujeres en el \u00e1rea postal SW1).<\/li>\n<li style=\"font-weight: 400;\">Podemos hacer uso de la informaci\u00f3n personal que hemos recopilado de los usuarios para cumplir con la voluntad de nuestros publicistas al mostrar su publicidad a ese p\u00fablico objetivo].<br \/>\nProveedores de an\u00e1lisis y motores de busqueda que nos brindan asistencia para mejorar y optimizar nuestro sitio.<\/li>\n<\/ul>\n<p>Podemos revelar informaci\u00f3n del usuario a terceros:<\/p>\n<ul>\n<li style=\"font-weight: 400;\">En caso que vendamos alg\u00fan negocio o activo, en cuyo caso podemos revelar informaci\u00f3n personal del usuario para el potencial comprador de estos negocios o activos.<\/li>\n<li style=\"font-weight: 400;\">Si RMD Kwikform o practicamente la totalidad de sus activos son comprados por una tercera parte, en cuyo caso la informaci\u00f3n personal almacenada sobre sus usuarios ser\u00e1 uno de los activos transferidos.<\/li>\n<li style=\"font-weight: 400;\">Si tenemos la obligaci\u00f3n de entregar o compartir informaci\u00f3n personal para cumplir con cualquier obligaci\u00f3n legal y con las autoridades o aplicar nuestras condiciones de uso www.rmdkwikform.com\/uk\/terms-of.-use y otros acuerdos; o para proteger los derechos, propiedad o la seguridad de RMD Kwikform, nuestros clientes y otros. Esto incluye el intercambio de informaci\u00f3n con otras compa\u00f1\u00edas y organizaciones para prop\u00f3sitos de protecci\u00f3n contra fraude y reducci\u00f3n de riesgo crediticio.<\/li>\n<\/ul>\n<p><strong>D\u00d3NDE ALMACENAMOS LA INFORMACI\u00d3N PERSONAL DEL USUARIO<\/strong><\/p>\n<p>La informaci\u00f3n que recopilamos del usuario puede ser transferida y almacenada, en un destino fuera del Espacio Econ\u00f3mico Europeo (\"EEE\"). Tambi\u00e9n podr\u00e1 ser procesada por miembros o personal que trabaje para nosotros o para alguno de nuestros proveedores fuera del \"EEE\". Este personal podr\u00e1 estar, entre otras cosas, involucrado en el cumplimiento de la transacci\u00f3n, el procesamiento de informaci\u00f3n de pagos y la prestaci\u00f3n de servicios de apoyo. Al entregar informaci\u00f3n personal, el usuario acepta esta transferencia, almacenado o tratamiento. Tendremos todas las consideraciones necesarias para garantizar que la informaci\u00f3n sea tratada de manera segura y en cumplimiento de esta pol\u00edtica de privacidad.<\/p>\n<p>Toda la informaci\u00f3n proporcionada por el usuario se almacena en servidores protegidos. Si se ha entregado (o elegido) una contrase\u00f1a que permita el acceso a ciertas partes de nuestra p\u00e1gina web, el usuario es responsable de mantener la confidencialidad de tal contrase\u00f1a. Le pedimos al usuario que no comparta la contrase\u00f1a con ninguna persona.<\/p>\n<h3>DERECHOS DEL USUARIO<\/h3>\n<p>Como parte interesada, cuyos datos han sido recopilados, el usuario tiene los siguientes derechos:<\/p>\n<ul>\n<li style=\"font-weight: 400;\">Obtener una copia de la informaci\u00f3n bajo solicitud<\/li>\n<li style=\"font-weight: 400;\">Solicitar la modificaci\u00f3n de informaci\u00f3n incompleta o incorrecta;<\/li>\n<li style=\"font-weight: 400;\">Solicitar a la organizaci\u00f3n borrar o dejar de procesar informaci\u00f3n personal cuando no sea necesaria para los prop\u00f3sitos que ha sido almacenada; y<\/li>\n<li style=\"font-weight: 400;\">Oponerse al tratamiento de datos cuando RMD Kwikform conf\u00ede en la legitimidad de intereses como base legal para el tratamiento.<\/li>\n<\/ul>\n<p>El usuario puede usar los contactos mencionados en el apartado \"CONTACTO\" para ejercer sus derechos en cualquier momento.<\/p>\n<p>Nuestra p\u00e1gina web, de vez en cuando, contiene enlaces desde y hacia los sitios de nuestra red de colaboradores, publicistas y socios. Si el ususario abre un enlace a cualquiera desde estos sitios, por favor notar que estas p\u00e1ginas tienen sus propias pol\u00edticas de privacidad y no aceptamos ninguna responsabilidad por estas pol\u00edticas. Por favor revisar estas pol\u00edticas antes de entregar informaci\u00f3n personal a estas p\u00e1ginas.<\/p>\n<h3>CAMBIOS A NUESTRA POL\u00cdTICA DE PRIVACIDAD<\/h3>\n<p>Cualquier cambio que realicemos en el futuro a nuestra pol\u00edtica de privacidad ser\u00e1 publicado en esta p\u00e1gina. Por favor revisar frecuentemente para ver las actualizaciones o cambios a nuestra pol\u00edtica de privacidad.<\/p>\n<h3><strong>CONTACTO<\/strong><\/h3>\n<p>Las preguntas, comentarios y solicitudes relacionadas con la pol\u00edtica de privacidad son bienvenidas y deber\u00e1n dirigirse a RMD Kwikform, Brickyard Road, Aldridge, Walsall, WS9 8BW o por correo electr\u00f3nico a GDPR@rmdkwikform.co.uk<\/p>\n","protected":false},"excerpt":{"rendered":"<p>Nuestra p\u00e1gina web usa cookies para distinguirte de otros usuarios de nuestro sitio. Esto nos ayuda a brindarte una buena experiencia cuando navegas en nuestra p\u00e1gina y nos permite mejorarla. Puedes leer m\u00e1s sobra cada cookie...<\/p>\n","protected":false},"author":1,"featured_media":0,"parent":0,"menu_order":0,"comment_status":"closed","ping_status":"closed","template":"","meta":{"_acf_changed":false,"content-type":"","footnotes":""},"class_list":["post-17504","page","type-page","status-publish","hentry"],"acf":[],"yoast_head":"<!-- This site is optimized with the Yoast SEO plugin v27.4 - https:\/\/yoast.com\/product\/yoast-seo-wordpress\/ -->\n<title>Cookies | DEV ALTRAD RMD Kwikform<\/title>\n<meta name=\"robots\" content=\"noindex, follow, max-snippet:-1, max-image-preview:large, max-video-preview:-1\" \/>\n<meta property=\"og:locale\" content=\"es_ES\" \/>\n<meta property=\"og:type\" content=\"article\" \/>\n<meta property=\"og:title\" content=\"Cookies | DEV ALTRAD RMD Kwikform\" \/>\n<meta property=\"og:description\" content=\"Nuestra p\u00e1gina web usa cookies para distinguirte de otros usuarios de nuestro sitio. Esto nos ayuda a brindarte una buena experiencia cuando navegas en nuestra p\u00e1gina y nos permite mejorarla. Puedes leer m\u00e1s sobra cada cookie...\" \/>\n<meta property=\"og:url\" content=\"https:\/\/dev01.rmdkwikform.com\/cl\/cookies\/\" \/>\n<meta property=\"og:site_name\" content=\"DEV ALTRAD RMD Kwikform\" \/>\n<meta property=\"article:modified_time\" content=\"2022-04-20T06:56:02+00:00\" \/>\n<meta property=\"og:image\" content=\"https:\/\/dev01.rmdkwikform.com\/wp-content\/uploads\/2021\/10\/Altrad-Group-logo.png\" \/>\n\t<meta property=\"og:image:width\" content=\"225\" \/>\n\t<meta property=\"og:image:height\" content=\"225\" \/>\n\t<meta property=\"og:image:type\" content=\"image\/png\" \/>\n<meta name=\"twitter:card\" content=\"summary_large_image\" \/>\n<meta name=\"twitter:site\" content=\"@RMDKwikform\" \/>\n<meta name=\"twitter:label1\" content=\"Tiempo estimado de lectura\" \/>\n\t<meta name=\"twitter:data1\" content=\"6 minutos\" \/>\n<script type=\"application\/ld+json\" class=\"yoast-schema-graph\">{\"@context\":\"https:\\\/\\\/schema.org\",\"@graph\":[{\"@type\":\"WebPage\",\"@id\":\"https:\\\/\\\/dev01.rmdkwikform.com\\\/cl\\\/cookies\\\/\",\"url\":\"https:\\\/\\\/dev01.rmdkwikform.com\\\/cl\\\/cookies\\\/\",\"name\":\"Cookies | DEV ALTRAD RMD Kwikform\",\"isPartOf\":{\"@id\":\"https:\\\/\\\/dev01.rmdkwikform.com\\\/cl\\\/#website\"},\"datePublished\":\"2020-02-21T15:05:22+00:00\",\"dateModified\":\"2022-04-20T06:56:02+00:00\",\"breadcrumb\":{\"@id\":\"https:\\\/\\\/dev01.rmdkwikform.com\\\/cl\\\/cookies\\\/#breadcrumb\"},\"inLanguage\":\"es-CL\",\"potentialAction\":[{\"@type\":\"ReadAction\",\"target\":[\"https:\\\/\\\/dev01.rmdkwikform.com\\\/cl\\\/cookies\\\/\"]}]},{\"@type\":\"BreadcrumbList\",\"@id\":\"https:\\\/\\\/dev01.rmdkwikform.com\\\/cl\\\/cookies\\\/#breadcrumb\",\"itemListElement\":[{\"@type\":\"ListItem\",\"position\":1,\"name\":\"Home\",\"item\":\"https:\\\/\\\/dev01.rmdkwikform.com\\\/cl\\\/\"},{\"@type\":\"ListItem\",\"position\":2,\"name\":\"Cookies\"}]},{\"@type\":\"WebSite\",\"@id\":\"https:\\\/\\\/dev01.rmdkwikform.com\\\/cl\\\/#website\",\"url\":\"https:\\\/\\\/dev01.rmdkwikform.com\\\/cl\\\/\",\"name\":\"DEV ALTRAD RMD Kwikform\",\"description\":\"Bringing structures to life\",\"publisher\":{\"@id\":\"https:\\\/\\\/dev01.rmdkwikform.com\\\/cl\\\/#organization\"},\"potentialAction\":[{\"@type\":\"SearchAction\",\"target\":{\"@type\":\"EntryPoint\",\"urlTemplate\":\"https:\\\/\\\/dev01.rmdkwikform.com\\\/cl\\\/?s={search_term_string}\"},\"query-input\":{\"@type\":\"PropertyValueSpecification\",\"valueRequired\":true,\"valueName\":\"search_term_string\"}}],\"inLanguage\":\"es-CL\"},{\"@type\":\"Organization\",\"@id\":\"https:\\\/\\\/dev01.rmdkwikform.com\\\/cl\\\/#organization\",\"name\":\"Altrad RMD Kwikform\",\"alternateName\":\"RMD\",\"url\":\"https:\\\/\\\/dev01.rmdkwikform.com\\\/cl\\\/\",\"logo\":{\"@type\":\"ImageObject\",\"inLanguage\":\"es-CL\",\"@id\":\"https:\\\/\\\/dev01.rmdkwikform.com\\\/cl\\\/#\\\/schema\\\/logo\\\/image\\\/\",\"url\":\"https:\\\/\\\/dev01.rmdkwikform.com\\\/wp-content\\\/uploads\\\/2021\\\/10\\\/Altrad-Group-logo.png\",\"contentUrl\":\"https:\\\/\\\/dev01.rmdkwikform.com\\\/wp-content\\\/uploads\\\/2021\\\/10\\\/Altrad-Group-logo.png\",\"width\":225,\"height\":225,\"caption\":\"Altrad RMD Kwikform\"},\"image\":{\"@id\":\"https:\\\/\\\/dev01.rmdkwikform.com\\\/cl\\\/#\\\/schema\\\/logo\\\/image\\\/\"},\"sameAs\":[\"https:\\\/\\\/x.com\\\/RMDKwikform\",\"https:\\\/\\\/www.linkedin.com\\\/company\\\/rmd-kwikform\\\/\",\"https:\\\/\\\/www.youtube.com\\\/user\\\/rmdkwikform\",\"https:\\\/\\\/www.instagram.com\\\/rmdkwikform\\\/\"]}]}<\/script>\n<!-- \/ Yoast SEO plugin. -->","yoast_head_json":{"title":"Cookies | DEV ALTRAD RMD Kwikform","robots":{"index":"noindex","follow":"follow","max-snippet":"max-snippet:-1","max-image-preview":"max-image-preview:large","max-video-preview":"max-video-preview:-1"},"og_locale":"es_ES","og_type":"article","og_title":"Cookies | DEV ALTRAD RMD Kwikform","og_description":"Nuestra p\u00e1gina web usa cookies para distinguirte de otros usuarios de nuestro sitio. Esto nos ayuda a brindarte una buena experiencia cuando navegas en nuestra p\u00e1gina y nos permite mejorarla. Puedes leer m\u00e1s sobra cada cookie...","og_url":"https:\/\/dev01.rmdkwikform.com\/cl\/cookies\/","og_site_name":"DEV ALTRAD RMD Kwikform","article_modified_time":"2022-04-20T06:56:02+00:00","og_image":[{"width":225,"height":225,"url":"https:\/\/dev01.rmdkwikform.com\/wp-content\/uploads\/2021\/10\/Altrad-Group-logo.png","type":"image\/png"}],"twitter_card":"summary_large_image","twitter_site":"@RMDKwikform","twitter_misc":{"Tiempo estimado de lectura":"6 minutos"},"schema":{"@context":"https:\/\/schema.org","@graph":[{"@type":"WebPage","@id":"https:\/\/dev01.rmdkwikform.com\/cl\/cookies\/","url":"https:\/\/dev01.rmdkwikform.com\/cl\/cookies\/","name":"Cookies | DEV ALTRAD RMD Kwikform","isPartOf":{"@id":"https:\/\/dev01.rmdkwikform.com\/cl\/#website"},"datePublished":"2020-02-21T15:05:22+00:00","dateModified":"2022-04-20T06:56:02+00:00","breadcrumb":{"@id":"https:\/\/dev01.rmdkwikform.com\/cl\/cookies\/#breadcrumb"},"inLanguage":"es-CL","potentialAction":[{"@type":"ReadAction","target":["https:\/\/dev01.rmdkwikform.com\/cl\/cookies\/"]}]},{"@type":"BreadcrumbList","@id":"https:\/\/dev01.rmdkwikform.com\/cl\/cookies\/#breadcrumb","itemListElement":[{"@type":"ListItem","position":1,"name":"Home","item":"https:\/\/dev01.rmdkwikform.com\/cl\/"},{"@type":"ListItem","position":2,"name":"Cookies"}]},{"@type":"WebSite","@id":"https:\/\/dev01.rmdkwikform.com\/cl\/#website","url":"https:\/\/dev01.rmdkwikform.com\/cl\/","name":"DEV ALTRAD RMD Kwikform","description":"Bringing structures to life","publisher":{"@id":"https:\/\/dev01.rmdkwikform.com\/cl\/#organization"},"potentialAction":[{"@type":"SearchAction","target":{"@type":"EntryPoint","urlTemplate":"https:\/\/dev01.rmdkwikform.com\/cl\/?s={search_term_string}"},"query-input":{"@type":"PropertyValueSpecification","valueRequired":true,"valueName":"search_term_string"}}],"inLanguage":"es-CL"},{"@type":"Organization","@id":"https:\/\/dev01.rmdkwikform.com\/cl\/#organization","name":"Altrad RMD Kwikform","alternateName":"RMD","url":"https:\/\/dev01.rmdkwikform.com\/cl\/","logo":{"@type":"ImageObject","inLanguage":"es-CL","@id":"https:\/\/dev01.rmdkwikform.com\/cl\/#\/schema\/logo\/image\/","url":"https:\/\/dev01.rmdkwikform.com\/wp-content\/uploads\/2021\/10\/Altrad-Group-logo.png","contentUrl":"https:\/\/dev01.rmdkwikform.com\/wp-content\/uploads\/2021\/10\/Altrad-Group-logo.png","width":225,"height":225,"caption":"Altrad RMD Kwikform"},"image":{"@id":"https:\/\/dev01.rmdkwikform.com\/cl\/#\/schema\/logo\/image\/"},"sameAs":["https:\/\/x.com\/RMDKwikform","https:\/\/www.linkedin.com\/company\/rmd-kwikform\/","https:\/\/www.youtube.com\/user\/rmdkwikform","https:\/\/www.instagram.com\/rmdkwikform\/"]}]}},"_links":{"self":[{"href":"https:\/\/dev01.rmdkwikform.com\/cl\/wp-json\/wp\/v2\/pages\/17504","targetHints":{"allow":["GET"]}}],"collection":[{"href":"https:\/\/dev01.rmdkwikform.com\/cl\/wp-json\/wp\/v2\/pages"}],"about":[{"href":"https:\/\/dev01.rmdkwikform.com\/cl\/wp-json\/wp\/v2\/types\/page"}],"author":[{"embeddable":true,"href":"https:\/\/dev01.rmdkwikform.com\/cl\/wp-json\/wp\/v2\/users\/1"}],"replies":[{"embeddable":true,"href":"https:\/\/dev01.rmdkwikform.com\/cl\/wp-json\/wp\/v2\/comments?post=17504"}],"version-history":[{"count":0,"href":"https:\/\/dev01.rmdkwikform.com\/cl\/wp-json\/wp\/v2\/pages\/17504\/revisions"}],"wp:attachment":[{"href":"https:\/\/dev01.rmdkwikform.com\/cl\/wp-json\/wp\/v2\/media?parent=17504"}],"curies":[{"name":"wp","href":"https:\/\/api.w.org\/{rel}","templated":true}]}}