{"id":17496,"date":"2022-04-20T07:53:48","date_gmt":"2022-04-20T06:53:48","guid":{"rendered":"https:\/\/www.rmdkwikform.com\/?page_id=17496"},"modified":"2022-04-20T20:29:17","modified_gmt":"2022-04-20T19:29:17","slug":"17496-2","status":"publish","type":"page","link":"https:\/\/dev01.rmdkwikform.com\/cl\/17496-2\/","title":{"rendered":"Condiciones de uso"},"content":{"rendered":"<p>Por favor, lea el siguiente texto, ya que afecta sus derechos legales<\/p>\n<p>En los t\u00e9rminos y condiciones a continuaci\u00f3n, cualquier referencia a \"RMDK\" o \"RMD o la Compa\u00f1\u00eda significar\u00e1 RMD Kwikform, sus divisiones, subsidiarias, compa\u00f1\u00edas afiliadas y asociadas.<\/p>\n<p>Aunque RMD Kwikform ha hecho todo lo posible para proporcionar informaci\u00f3n precisa en esta p\u00e1gina web, ni RMD Kwikform, ni sus empleados, ni sus empresas afiliadas, ni sus proveedores, ni ninguno de sus empleados aceptan la responsabilidad por la exactitud o integridad de cualquier informaci\u00f3n publicada en esta p\u00e1gina. RMD Kwikform no se har\u00e1 responsable de ningun da\u00f1o o p\u00e9rdida que pueda ser causa del uso de cualquier informaci\u00f3n de este sitio.<\/p>\n<p>Los documentos y la informaci\u00f3n disponible en esta p\u00e1gina web son proporcionados solo como un servicio y no son las versiones oficiales de los documentos de confidencialidad de RMD Kwikform, como lo exige cualquier bolsa de valores, servicios financieros, compa\u00f1\u00eda o cualquier otro requisito regulatorio o legal. Adem\u00e1s, el contenido de esta p\u00e1gina web puede no siempre tener la informaci\u00f3n m\u00e1s actualizada de la compa\u00f1\u00eda.<\/p>\n<p>Se podr\u00edan producir copias incompletas o incorrectas de algunos documentos descargados y visualizados en el computador de un usuario, debido a problemas de transmisi\u00f3n y software de internet.<br \/>\nSalvo por lo dispuesto de manera expresa en esta p\u00e1gina web, RMD Kwikform no se hace responsable por el contenido o el uso de cualquier p\u00e1gina o mensaje enviado o recibido por el usuario.<\/p>\n<p>RMD Kwikform se reserva el derecho de revisar el servicio de esta p\u00e1gina web o restringir el acceso total o parcial de la p\u00e1gina en cualquier momento.<\/p>\n<p>RMD Kwikform se deslinda de responsabilidad por el contenido de cualquier enlace a p\u00e1gina web que haya en su sitio y no podr\u00e1 ser responsabilizado por p\u00e9rdidas, da\u00f1os o costos incurridos como resultado del uso de cualquier otro sitio web.<\/p>\n<p>La inclusi\u00f3n de un enlace a cualquier otra p\u00e1gina web no implica la verificaci\u00f3n o respaldo de la informaci\u00f3n contenida en enlaces a otros sitios por parte de RMD Kwikform.<\/p>\n<p>Los enlaces a la p\u00e1gina de RMD Kwikform no podr\u00e1n incluirse en otros sitios web sin la autorizaci\u00f3n por escrito de RMD Kwikform.<\/p>\n<p>El material contenido en esta p\u00e1gina web es solo informativo y no una invitaci\u00f3n a invertir o firmar un contrato con RMD Kwikform, y no deber\u00e1 ser usado para tomar decisiones financieras. Los precios de las acciones y cualquier ingreso derivado de ellas puede subir o bajar. Si tiene dudas por favor consulte un asesor financiero calificado.<\/p>\n<p>Todo el contenido de esta p\u00e1gina, actual o futuro, es propiedad o est\u00e1 controlado por RMD Kwikform o sus licenciadores y est\u00e1 protegido por las leyes internacionales de derechos de autor.<\/p>\n<p>Los usuarios pueden acceder y descargar el contenido de estas p\u00e1ginas y almacenar una copia de manera temporal exclusivamente para ver las p\u00e1ginas. El almacenamiento permanente, la copia o redistribuci\u00f3n de estas p\u00e1ginas est\u00e1 prohibido.<\/p>\n<p>No se podr\u00e1 usar el nombre o marca RMD Kwikform de ninguna manera.<\/p>\n<p>Los descargos, limitaciones y exclusiones de responsabilidad relacionadas con los bienes y servicios adquiridos o disponibles a trav\u00e9s de este sitio se encuentran contenidos en los t\u00e9rminos y condiciones relevantes a estas compras.<\/p>\n<p>Estas condiciones se rigen por las leyes de Inglaterra y Gales y el usuario est\u00e1 de acuerdo que las cortes inglesas tendr\u00e1n jurisdicci\u00f3n exclusiva en cualquier disputa.<\/p>\n<p>Estos t\u00e9rminos y condiciones pueden ser modificados por RMD Kwikform de vez en cuando. El uso de la p\u00e1gina despu\u00e9s de estos cambios constituye a aceptaci\u00f3n de estos cambios.<br \/>\nAun cuando las cookies son recopiladas en la p\u00e1gina web de RMD Kwikform, no se capturan o usan datos pa ootros usos.<\/p>\n<p>Cualquier duda o pregunta relacionada con esta p\u00e1gina web o RMD Kwikform debe ser dirigida a RMD Kwikform, Brickyard Road, Aldridge, Walsall, WS9 8BW.<\/p>\n","protected":false},"excerpt":{"rendered":"<p>Por favor, lea el siguiente texto, ya que afecta sus derechos legales En los t\u00e9rminos y condiciones a continuaci\u00f3n, cualquier referencia a \"RMDK\" o \"RMD o la Compa\u00f1\u00eda significar\u00e1 RMD Kwikform, sus divisiones, subsidiarias, compa\u00f1\u00edas afiliadas...<\/p>\n","protected":false},"author":1,"featured_media":0,"parent":0,"menu_order":0,"comment_status":"closed","ping_status":"closed","template":"","meta":{"_acf_changed":false,"content-type":"","footnotes":""},"class_list":["post-17496","page","type-page","status-publish","hentry"],"acf":[],"yoast_head":"<!-- This site is optimized with the Yoast SEO plugin v27.4 - https:\/\/yoast.com\/product\/yoast-seo-wordpress\/ -->\n<title>Condiciones de uso | DEV ALTRAD RMD Kwikform<\/title>\n<meta name=\"robots\" content=\"noindex, follow, max-snippet:-1, max-image-preview:large, max-video-preview:-1\" \/>\n<meta property=\"og:locale\" content=\"es_ES\" \/>\n<meta property=\"og:type\" content=\"article\" \/>\n<meta property=\"og:title\" content=\"Condiciones de uso | DEV ALTRAD RMD Kwikform\" \/>\n<meta property=\"og:description\" content=\"Por favor, lea el siguiente texto, ya que afecta sus derechos legales En los t\u00e9rminos y condiciones a continuaci\u00f3n, cualquier referencia a &quot;RMDK&quot; o &quot;RMD o la Compa\u00f1\u00eda significar\u00e1 RMD Kwikform, sus divisiones, subsidiarias, compa\u00f1\u00edas afiliadas...\" \/>\n<meta property=\"og:url\" content=\"https:\/\/dev01.rmdkwikform.com\/cl\/17496-2\/\" \/>\n<meta property=\"og:site_name\" content=\"DEV ALTRAD RMD Kwikform\" \/>\n<meta property=\"article:modified_time\" content=\"2022-04-20T19:29:17+00:00\" \/>\n<meta property=\"og:image\" content=\"https:\/\/dev01.rmdkwikform.com\/wp-content\/uploads\/2021\/10\/Altrad-Group-logo.png\" \/>\n\t<meta property=\"og:image:width\" content=\"225\" \/>\n\t<meta property=\"og:image:height\" content=\"225\" \/>\n\t<meta property=\"og:image:type\" content=\"image\/png\" \/>\n<meta name=\"twitter:card\" content=\"summary_large_image\" \/>\n<meta name=\"twitter:site\" content=\"@RMDKwikform\" \/>\n<meta name=\"twitter:label1\" content=\"Tiempo estimado de lectura\" \/>\n\t<meta name=\"twitter:data1\" content=\"3 minutos\" \/>\n<script type=\"application\/ld+json\" class=\"yoast-schema-graph\">{\"@context\":\"https:\\\/\\\/schema.org\",\"@graph\":[{\"@type\":\"WebPage\",\"@id\":\"https:\\\/\\\/dev01.rmdkwikform.com\\\/cl\\\/17496-2\\\/\",\"url\":\"https:\\\/\\\/dev01.rmdkwikform.com\\\/cl\\\/17496-2\\\/\",\"name\":\"Condiciones de uso | DEV ALTRAD RMD Kwikform\",\"isPartOf\":{\"@id\":\"https:\\\/\\\/dev01.rmdkwikform.com\\\/cl\\\/#website\"},\"datePublished\":\"2022-04-20T06:53:48+00:00\",\"dateModified\":\"2022-04-20T19:29:17+00:00\",\"breadcrumb\":{\"@id\":\"https:\\\/\\\/dev01.rmdkwikform.com\\\/cl\\\/17496-2\\\/#breadcrumb\"},\"inLanguage\":\"es-CL\",\"potentialAction\":[{\"@type\":\"ReadAction\",\"target\":[\"https:\\\/\\\/dev01.rmdkwikform.com\\\/cl\\\/17496-2\\\/\"]}]},{\"@type\":\"BreadcrumbList\",\"@id\":\"https:\\\/\\\/dev01.rmdkwikform.com\\\/cl\\\/17496-2\\\/#breadcrumb\",\"itemListElement\":[{\"@type\":\"ListItem\",\"position\":1,\"name\":\"Home\",\"item\":\"https:\\\/\\\/dev01.rmdkwikform.com\\\/cl\\\/\"},{\"@type\":\"ListItem\",\"position\":2,\"name\":\"Condiciones de uso\"}]},{\"@type\":\"WebSite\",\"@id\":\"https:\\\/\\\/dev01.rmdkwikform.com\\\/cl\\\/#website\",\"url\":\"https:\\\/\\\/dev01.rmdkwikform.com\\\/cl\\\/\",\"name\":\"DEV ALTRAD RMD Kwikform\",\"description\":\"Bringing structures to life\",\"publisher\":{\"@id\":\"https:\\\/\\\/dev01.rmdkwikform.com\\\/cl\\\/#organization\"},\"potentialAction\":[{\"@type\":\"SearchAction\",\"target\":{\"@type\":\"EntryPoint\",\"urlTemplate\":\"https:\\\/\\\/dev01.rmdkwikform.com\\\/cl\\\/?s={search_term_string}\"},\"query-input\":{\"@type\":\"PropertyValueSpecification\",\"valueRequired\":true,\"valueName\":\"search_term_string\"}}],\"inLanguage\":\"es-CL\"},{\"@type\":\"Organization\",\"@id\":\"https:\\\/\\\/dev01.rmdkwikform.com\\\/cl\\\/#organization\",\"name\":\"Altrad RMD Kwikform\",\"alternateName\":\"RMD\",\"url\":\"https:\\\/\\\/dev01.rmdkwikform.com\\\/cl\\\/\",\"logo\":{\"@type\":\"ImageObject\",\"inLanguage\":\"es-CL\",\"@id\":\"https:\\\/\\\/dev01.rmdkwikform.com\\\/cl\\\/#\\\/schema\\\/logo\\\/image\\\/\",\"url\":\"https:\\\/\\\/dev01.rmdkwikform.com\\\/wp-content\\\/uploads\\\/2021\\\/10\\\/Altrad-Group-logo.png\",\"contentUrl\":\"https:\\\/\\\/dev01.rmdkwikform.com\\\/wp-content\\\/uploads\\\/2021\\\/10\\\/Altrad-Group-logo.png\",\"width\":225,\"height\":225,\"caption\":\"Altrad RMD Kwikform\"},\"image\":{\"@id\":\"https:\\\/\\\/dev01.rmdkwikform.com\\\/cl\\\/#\\\/schema\\\/logo\\\/image\\\/\"},\"sameAs\":[\"https:\\\/\\\/x.com\\\/RMDKwikform\",\"https:\\\/\\\/www.linkedin.com\\\/company\\\/rmd-kwikform\\\/\",\"https:\\\/\\\/www.youtube.com\\\/user\\\/rmdkwikform\",\"https:\\\/\\\/www.instagram.com\\\/rmdkwikform\\\/\"]}]}<\/script>\n<!-- \/ Yoast SEO plugin. -->","yoast_head_json":{"title":"Condiciones de uso | DEV ALTRAD RMD Kwikform","robots":{"index":"noindex","follow":"follow","max-snippet":"max-snippet:-1","max-image-preview":"max-image-preview:large","max-video-preview":"max-video-preview:-1"},"og_locale":"es_ES","og_type":"article","og_title":"Condiciones de uso | DEV ALTRAD RMD Kwikform","og_description":"Por favor, lea el siguiente texto, ya que afecta sus derechos legales En los t\u00e9rminos y condiciones a continuaci\u00f3n, cualquier referencia a \"RMDK\" o \"RMD o la Compa\u00f1\u00eda significar\u00e1 RMD Kwikform, sus divisiones, subsidiarias, compa\u00f1\u00edas afiliadas...","og_url":"https:\/\/dev01.rmdkwikform.com\/cl\/17496-2\/","og_site_name":"DEV ALTRAD RMD Kwikform","article_modified_time":"2022-04-20T19:29:17+00:00","og_image":[{"width":225,"height":225,"url":"https:\/\/dev01.rmdkwikform.com\/wp-content\/uploads\/2021\/10\/Altrad-Group-logo.png","type":"image\/png"}],"twitter_card":"summary_large_image","twitter_site":"@RMDKwikform","twitter_misc":{"Tiempo estimado de lectura":"3 minutos"},"schema":{"@context":"https:\/\/schema.org","@graph":[{"@type":"WebPage","@id":"https:\/\/dev01.rmdkwikform.com\/cl\/17496-2\/","url":"https:\/\/dev01.rmdkwikform.com\/cl\/17496-2\/","name":"Condiciones de uso | DEV ALTRAD RMD Kwikform","isPartOf":{"@id":"https:\/\/dev01.rmdkwikform.com\/cl\/#website"},"datePublished":"2022-04-20T06:53:48+00:00","dateModified":"2022-04-20T19:29:17+00:00","breadcrumb":{"@id":"https:\/\/dev01.rmdkwikform.com\/cl\/17496-2\/#breadcrumb"},"inLanguage":"es-CL","potentialAction":[{"@type":"ReadAction","target":["https:\/\/dev01.rmdkwikform.com\/cl\/17496-2\/"]}]},{"@type":"BreadcrumbList","@id":"https:\/\/dev01.rmdkwikform.com\/cl\/17496-2\/#breadcrumb","itemListElement":[{"@type":"ListItem","position":1,"name":"Home","item":"https:\/\/dev01.rmdkwikform.com\/cl\/"},{"@type":"ListItem","position":2,"name":"Condiciones de uso"}]},{"@type":"WebSite","@id":"https:\/\/dev01.rmdkwikform.com\/cl\/#website","url":"https:\/\/dev01.rmdkwikform.com\/cl\/","name":"DEV ALTRAD RMD Kwikform","description":"Bringing structures to life","publisher":{"@id":"https:\/\/dev01.rmdkwikform.com\/cl\/#organization"},"potentialAction":[{"@type":"SearchAction","target":{"@type":"EntryPoint","urlTemplate":"https:\/\/dev01.rmdkwikform.com\/cl\/?s={search_term_string}"},"query-input":{"@type":"PropertyValueSpecification","valueRequired":true,"valueName":"search_term_string"}}],"inLanguage":"es-CL"},{"@type":"Organization","@id":"https:\/\/dev01.rmdkwikform.com\/cl\/#organization","name":"Altrad RMD Kwikform","alternateName":"RMD","url":"https:\/\/dev01.rmdkwikform.com\/cl\/","logo":{"@type":"ImageObject","inLanguage":"es-CL","@id":"https:\/\/dev01.rmdkwikform.com\/cl\/#\/schema\/logo\/image\/","url":"https:\/\/dev01.rmdkwikform.com\/wp-content\/uploads\/2021\/10\/Altrad-Group-logo.png","contentUrl":"https:\/\/dev01.rmdkwikform.com\/wp-content\/uploads\/2021\/10\/Altrad-Group-logo.png","width":225,"height":225,"caption":"Altrad RMD Kwikform"},"image":{"@id":"https:\/\/dev01.rmdkwikform.com\/cl\/#\/schema\/logo\/image\/"},"sameAs":["https:\/\/x.com\/RMDKwikform","https:\/\/www.linkedin.com\/company\/rmd-kwikform\/","https:\/\/www.youtube.com\/user\/rmdkwikform","https:\/\/www.instagram.com\/rmdkwikform\/"]}]}},"_links":{"self":[{"href":"https:\/\/dev01.rmdkwikform.com\/cl\/wp-json\/wp\/v2\/pages\/17496","targetHints":{"allow":["GET"]}}],"collection":[{"href":"https:\/\/dev01.rmdkwikform.com\/cl\/wp-json\/wp\/v2\/pages"}],"about":[{"href":"https:\/\/dev01.rmdkwikform.com\/cl\/wp-json\/wp\/v2\/types\/page"}],"author":[{"embeddable":true,"href":"https:\/\/dev01.rmdkwikform.com\/cl\/wp-json\/wp\/v2\/users\/1"}],"replies":[{"embeddable":true,"href":"https:\/\/dev01.rmdkwikform.com\/cl\/wp-json\/wp\/v2\/comments?post=17496"}],"version-history":[{"count":0,"href":"https:\/\/dev01.rmdkwikform.com\/cl\/wp-json\/wp\/v2\/pages\/17496\/revisions"}],"wp:attachment":[{"href":"https:\/\/dev01.rmdkwikform.com\/cl\/wp-json\/wp\/v2\/media?parent=17496"}],"curies":[{"name":"wp","href":"https:\/\/api.w.org\/{rel}","templated":true}]}}