{"id":17493,"date":"2020-03-02T14:31:50","date_gmt":"2020-03-02T14:31:50","guid":{"rendered":"https:\/\/www.rmdkwikform.com\/centro-technico\/ingenieria-digital\/"},"modified":"2022-04-20T19:56:05","modified_gmt":"2022-04-20T18:56:05","slug":"ingenieria-digital","status":"publish","type":"page","link":"https:\/\/dev01.rmdkwikform.com\/cl\/centro-technico\/ingenieria-digital\/","title":{"rendered":"Ingenier\u00eda digital"},"content":{"rendered":"<p class=\"p1\">Como l\u00edder en el sector de las obras temporales durante m\u00e1s de 70 a\u00f1os, hemos apoyado y proporcionado soluciones de encofrado y apuntalamiento para innumerables proyectos en todo el mundo. Sin embargo, adem\u00e1s de nuestra amplia gama de productos, es nuestra experiencia en ingenier\u00eda y nuestro conocimiento del mercado lo que nos permite abordar y resolver los retos de nuestros clientes dentro y fuera de la obra. A medida que la industria global de la construcci\u00f3n evoluciona para adoptar el dise\u00f1o 3D, el BIM y la simulaci\u00f3n de RV, es nuestra responsabilidad ampliar tambi\u00e9n nuestra experiencia e invertir en nuevas formas de trabajar para dar un mejor servicio a nuestros clientes en un mundo digital.<\/p>\n<p class=\"p1\">Vea c\u00f3mo lo hemos hecho, a continuaci\u00f3n.<\/p>\n","protected":false},"excerpt":{"rendered":"<p>Como l\u00edder en el sector de las obras temporales durante m\u00e1s de 70 a\u00f1os, hemos apoyado y proporcionado soluciones de encofrado y apuntalamiento para innumerables proyectos en todo el mundo. Sin embargo, adem\u00e1s de nuestra amplia...<\/p>\n","protected":false},"author":1,"featured_media":17494,"parent":17488,"menu_order":0,"comment_status":"closed","ping_status":"closed","template":"templates\/technical-centre-digital-engineering.php","meta":{"_acf_changed":false,"content-type":"","footnotes":""},"class_list":["post-17493","page","type-page","status-publish","has-post-thumbnail","hentry"],"acf":[],"yoast_head":"<!-- This site is optimized with the Yoast SEO plugin v27.4 - https:\/\/yoast.com\/product\/yoast-seo-wordpress\/ -->\n<title>Ingenier\u00eda digital | RMD Kwikform<\/title>\n<meta name=\"description\" content=\"Brindamos soluciones de encofrado y apuntalamiento durante m\u00e1s de 70 a\u00f1os, con nuestra experiencia en ingenier\u00eda y conocimiento del mercado.\" \/>\n<meta name=\"robots\" content=\"noindex, follow, max-snippet:-1, max-image-preview:large, max-video-preview:-1\" \/>\n<meta property=\"og:locale\" content=\"es_ES\" \/>\n<meta property=\"og:type\" content=\"article\" \/>\n<meta property=\"og:title\" content=\"Ingenier\u00eda digital | RMD Kwikform\" \/>\n<meta property=\"og:description\" content=\"Brindamos soluciones de encofrado y apuntalamiento durante m\u00e1s de 70 a\u00f1os, con nuestra experiencia en ingenier\u00eda y conocimiento del mercado.\" \/>\n<meta property=\"og:url\" content=\"https:\/\/dev01.rmdkwikform.com\/cl\/centro-technico\/ingenieria-digital\/\" \/>\n<meta property=\"og:site_name\" content=\"DEV ALTRAD RMD Kwikform\" \/>\n<meta property=\"article:modified_time\" content=\"2022-04-20T18:56:05+00:00\" \/>\n<meta property=\"og:image\" content=\"https:\/\/dev01.rmdkwikform.com\/wp-content\/uploads\/2020\/03\/digital-engineering-banner.jpg\" \/>\n\t<meta property=\"og:image:width\" content=\"1920\" \/>\n\t<meta property=\"og:image:height\" content=\"613\" \/>\n\t<meta property=\"og:image:type\" content=\"image\/jpeg\" \/>\n<meta name=\"twitter:card\" content=\"summary_large_image\" \/>\n<meta name=\"twitter:site\" content=\"@RMDKwikform\" \/>\n<meta name=\"twitter:label1\" content=\"Tiempo estimado de lectura\" \/>\n\t<meta name=\"twitter:data1\" content=\"1 minuto\" \/>\n<script type=\"application\/ld+json\" class=\"yoast-schema-graph\">{\"@context\":\"https:\\\/\\\/schema.org\",\"@graph\":[{\"@type\":\"WebPage\",\"@id\":\"https:\\\/\\\/dev01.rmdkwikform.com\\\/cl\\\/centro-technico\\\/ingenieria-digital\\\/\",\"url\":\"https:\\\/\\\/dev01.rmdkwikform.com\\\/cl\\\/centro-technico\\\/ingenieria-digital\\\/\",\"name\":\"Ingenier\u00eda digital | RMD Kwikform\",\"isPartOf\":{\"@id\":\"https:\\\/\\\/dev01.rmdkwikform.com\\\/cl\\\/#website\"},\"primaryImageOfPage\":{\"@id\":\"https:\\\/\\\/dev01.rmdkwikform.com\\\/cl\\\/centro-technico\\\/ingenieria-digital\\\/#primaryimage\"},\"image\":{\"@id\":\"https:\\\/\\\/dev01.rmdkwikform.com\\\/cl\\\/centro-technico\\\/ingenieria-digital\\\/#primaryimage\"},\"thumbnailUrl\":\"https:\\\/\\\/dev01.rmdkwikform.com\\\/wp-content\\\/uploads\\\/2020\\\/03\\\/digital-engineering-banner.jpg\",\"datePublished\":\"2020-03-02T14:31:50+00:00\",\"dateModified\":\"2022-04-20T18:56:05+00:00\",\"description\":\"Brindamos soluciones de encofrado y apuntalamiento durante m\u00e1s de 70 a\u00f1os, con nuestra experiencia en ingenier\u00eda y conocimiento del mercado.\",\"breadcrumb\":{\"@id\":\"https:\\\/\\\/dev01.rmdkwikform.com\\\/cl\\\/centro-technico\\\/ingenieria-digital\\\/#breadcrumb\"},\"inLanguage\":\"es-CL\",\"potentialAction\":[{\"@type\":\"ReadAction\",\"target\":[\"https:\\\/\\\/dev01.rmdkwikform.com\\\/cl\\\/centro-technico\\\/ingenieria-digital\\\/\"]}]},{\"@type\":\"ImageObject\",\"inLanguage\":\"es-CL\",\"@id\":\"https:\\\/\\\/dev01.rmdkwikform.com\\\/cl\\\/centro-technico\\\/ingenieria-digital\\\/#primaryimage\",\"url\":\"https:\\\/\\\/dev01.rmdkwikform.com\\\/wp-content\\\/uploads\\\/2020\\\/03\\\/digital-engineering-banner.jpg\",\"contentUrl\":\"https:\\\/\\\/dev01.rmdkwikform.com\\\/wp-content\\\/uploads\\\/2020\\\/03\\\/digital-engineering-banner.jpg\",\"width\":1920,\"height\":613},{\"@type\":\"BreadcrumbList\",\"@id\":\"https:\\\/\\\/dev01.rmdkwikform.com\\\/cl\\\/centro-technico\\\/ingenieria-digital\\\/#breadcrumb\",\"itemListElement\":[{\"@type\":\"ListItem\",\"position\":1,\"name\":\"Home\",\"item\":\"https:\\\/\\\/dev01.rmdkwikform.com\\\/cl\\\/\"},{\"@type\":\"ListItem\",\"position\":2,\"name\":\"Centro t\u00e9cnico\",\"item\":\"https:\\\/\\\/dev01.rmdkwikform.com\\\/cl\\\/centro-technico\\\/\"},{\"@type\":\"ListItem\",\"position\":3,\"name\":\"Ingenier\u00eda digital\"}]},{\"@type\":\"WebSite\",\"@id\":\"https:\\\/\\\/dev01.rmdkwikform.com\\\/cl\\\/#website\",\"url\":\"https:\\\/\\\/dev01.rmdkwikform.com\\\/cl\\\/\",\"name\":\"DEV ALTRAD RMD Kwikform\",\"description\":\"Bringing structures to life\",\"publisher\":{\"@id\":\"https:\\\/\\\/dev01.rmdkwikform.com\\\/cl\\\/#organization\"},\"potentialAction\":[{\"@type\":\"SearchAction\",\"target\":{\"@type\":\"EntryPoint\",\"urlTemplate\":\"https:\\\/\\\/dev01.rmdkwikform.com\\\/cl\\\/?s={search_term_string}\"},\"query-input\":{\"@type\":\"PropertyValueSpecification\",\"valueRequired\":true,\"valueName\":\"search_term_string\"}}],\"inLanguage\":\"es-CL\"},{\"@type\":\"Organization\",\"@id\":\"https:\\\/\\\/dev01.rmdkwikform.com\\\/cl\\\/#organization\",\"name\":\"Altrad RMD Kwikform\",\"alternateName\":\"RMD\",\"url\":\"https:\\\/\\\/dev01.rmdkwikform.com\\\/cl\\\/\",\"logo\":{\"@type\":\"ImageObject\",\"inLanguage\":\"es-CL\",\"@id\":\"https:\\\/\\\/dev01.rmdkwikform.com\\\/cl\\\/#\\\/schema\\\/logo\\\/image\\\/\",\"url\":\"https:\\\/\\\/dev01.rmdkwikform.com\\\/wp-content\\\/uploads\\\/2021\\\/10\\\/Altrad-Group-logo.png\",\"contentUrl\":\"https:\\\/\\\/dev01.rmdkwikform.com\\\/wp-content\\\/uploads\\\/2021\\\/10\\\/Altrad-Group-logo.png\",\"width\":225,\"height\":225,\"caption\":\"Altrad RMD Kwikform\"},\"image\":{\"@id\":\"https:\\\/\\\/dev01.rmdkwikform.com\\\/cl\\\/#\\\/schema\\\/logo\\\/image\\\/\"},\"sameAs\":[\"https:\\\/\\\/x.com\\\/RMDKwikform\",\"https:\\\/\\\/www.linkedin.com\\\/company\\\/rmd-kwikform\\\/\",\"https:\\\/\\\/www.youtube.com\\\/user\\\/rmdkwikform\",\"https:\\\/\\\/www.instagram.com\\\/rmdkwikform\\\/\"]}]}<\/script>\n<!-- \/ Yoast SEO plugin. -->","yoast_head_json":{"title":"Ingenier\u00eda digital | RMD Kwikform","description":"Brindamos soluciones de encofrado y apuntalamiento durante m\u00e1s de 70 a\u00f1os, con nuestra experiencia en ingenier\u00eda y conocimiento del mercado.","robots":{"index":"noindex","follow":"follow","max-snippet":"max-snippet:-1","max-image-preview":"max-image-preview:large","max-video-preview":"max-video-preview:-1"},"og_locale":"es_ES","og_type":"article","og_title":"Ingenier\u00eda digital | RMD Kwikform","og_description":"Brindamos soluciones de encofrado y apuntalamiento durante m\u00e1s de 70 a\u00f1os, con nuestra experiencia en ingenier\u00eda y conocimiento del mercado.","og_url":"https:\/\/dev01.rmdkwikform.com\/cl\/centro-technico\/ingenieria-digital\/","og_site_name":"DEV ALTRAD RMD Kwikform","article_modified_time":"2022-04-20T18:56:05+00:00","og_image":[{"width":1920,"height":613,"url":"https:\/\/dev01.rmdkwikform.com\/wp-content\/uploads\/2020\/03\/digital-engineering-banner.jpg","type":"image\/jpeg"}],"twitter_card":"summary_large_image","twitter_site":"@RMDKwikform","twitter_misc":{"Tiempo estimado de lectura":"1 minuto"},"schema":{"@context":"https:\/\/schema.org","@graph":[{"@type":"WebPage","@id":"https:\/\/dev01.rmdkwikform.com\/cl\/centro-technico\/ingenieria-digital\/","url":"https:\/\/dev01.rmdkwikform.com\/cl\/centro-technico\/ingenieria-digital\/","name":"Ingenier\u00eda digital | RMD Kwikform","isPartOf":{"@id":"https:\/\/dev01.rmdkwikform.com\/cl\/#website"},"primaryImageOfPage":{"@id":"https:\/\/dev01.rmdkwikform.com\/cl\/centro-technico\/ingenieria-digital\/#primaryimage"},"image":{"@id":"https:\/\/dev01.rmdkwikform.com\/cl\/centro-technico\/ingenieria-digital\/#primaryimage"},"thumbnailUrl":"https:\/\/dev01.rmdkwikform.com\/wp-content\/uploads\/2020\/03\/digital-engineering-banner.jpg","datePublished":"2020-03-02T14:31:50+00:00","dateModified":"2022-04-20T18:56:05+00:00","description":"Brindamos soluciones de encofrado y apuntalamiento durante m\u00e1s de 70 a\u00f1os, con nuestra experiencia en ingenier\u00eda y conocimiento del mercado.","breadcrumb":{"@id":"https:\/\/dev01.rmdkwikform.com\/cl\/centro-technico\/ingenieria-digital\/#breadcrumb"},"inLanguage":"es-CL","potentialAction":[{"@type":"ReadAction","target":["https:\/\/dev01.rmdkwikform.com\/cl\/centro-technico\/ingenieria-digital\/"]}]},{"@type":"ImageObject","inLanguage":"es-CL","@id":"https:\/\/dev01.rmdkwikform.com\/cl\/centro-technico\/ingenieria-digital\/#primaryimage","url":"https:\/\/dev01.rmdkwikform.com\/wp-content\/uploads\/2020\/03\/digital-engineering-banner.jpg","contentUrl":"https:\/\/dev01.rmdkwikform.com\/wp-content\/uploads\/2020\/03\/digital-engineering-banner.jpg","width":1920,"height":613},{"@type":"BreadcrumbList","@id":"https:\/\/dev01.rmdkwikform.com\/cl\/centro-technico\/ingenieria-digital\/#breadcrumb","itemListElement":[{"@type":"ListItem","position":1,"name":"Home","item":"https:\/\/dev01.rmdkwikform.com\/cl\/"},{"@type":"ListItem","position":2,"name":"Centro t\u00e9cnico","item":"https:\/\/dev01.rmdkwikform.com\/cl\/centro-technico\/"},{"@type":"ListItem","position":3,"name":"Ingenier\u00eda digital"}]},{"@type":"WebSite","@id":"https:\/\/dev01.rmdkwikform.com\/cl\/#website","url":"https:\/\/dev01.rmdkwikform.com\/cl\/","name":"DEV ALTRAD RMD Kwikform","description":"Bringing structures to life","publisher":{"@id":"https:\/\/dev01.rmdkwikform.com\/cl\/#organization"},"potentialAction":[{"@type":"SearchAction","target":{"@type":"EntryPoint","urlTemplate":"https:\/\/dev01.rmdkwikform.com\/cl\/?s={search_term_string}"},"query-input":{"@type":"PropertyValueSpecification","valueRequired":true,"valueName":"search_term_string"}}],"inLanguage":"es-CL"},{"@type":"Organization","@id":"https:\/\/dev01.rmdkwikform.com\/cl\/#organization","name":"Altrad RMD Kwikform","alternateName":"RMD","url":"https:\/\/dev01.rmdkwikform.com\/cl\/","logo":{"@type":"ImageObject","inLanguage":"es-CL","@id":"https:\/\/dev01.rmdkwikform.com\/cl\/#\/schema\/logo\/image\/","url":"https:\/\/dev01.rmdkwikform.com\/wp-content\/uploads\/2021\/10\/Altrad-Group-logo.png","contentUrl":"https:\/\/dev01.rmdkwikform.com\/wp-content\/uploads\/2021\/10\/Altrad-Group-logo.png","width":225,"height":225,"caption":"Altrad RMD Kwikform"},"image":{"@id":"https:\/\/dev01.rmdkwikform.com\/cl\/#\/schema\/logo\/image\/"},"sameAs":["https:\/\/x.com\/RMDKwikform","https:\/\/www.linkedin.com\/company\/rmd-kwikform\/","https:\/\/www.youtube.com\/user\/rmdkwikform","https:\/\/www.instagram.com\/rmdkwikform\/"]}]}},"_links":{"self":[{"href":"https:\/\/dev01.rmdkwikform.com\/cl\/wp-json\/wp\/v2\/pages\/17493","targetHints":{"allow":["GET"]}}],"collection":[{"href":"https:\/\/dev01.rmdkwikform.com\/cl\/wp-json\/wp\/v2\/pages"}],"about":[{"href":"https:\/\/dev01.rmdkwikform.com\/cl\/wp-json\/wp\/v2\/types\/page"}],"author":[{"embeddable":true,"href":"https:\/\/dev01.rmdkwikform.com\/cl\/wp-json\/wp\/v2\/users\/1"}],"replies":[{"embeddable":true,"href":"https:\/\/dev01.rmdkwikform.com\/cl\/wp-json\/wp\/v2\/comments?post=17493"}],"version-history":[{"count":0,"href":"https:\/\/dev01.rmdkwikform.com\/cl\/wp-json\/wp\/v2\/pages\/17493\/revisions"}],"up":[{"embeddable":true,"href":"https:\/\/dev01.rmdkwikform.com\/cl\/wp-json\/wp\/v2\/pages\/17488"}],"wp:featuredmedia":[{"embeddable":true,"href":"https:\/\/dev01.rmdkwikform.com\/cl\/wp-json\/wp\/v2\/media\/17494"}],"wp:attachment":[{"href":"https:\/\/dev01.rmdkwikform.com\/cl\/wp-json\/wp\/v2\/media?parent=17493"}],"curies":[{"name":"wp","href":"https:\/\/api.w.org\/{rel}","templated":true}]}}