{"id":17488,"date":"2020-03-02T12:24:33","date_gmt":"2020-03-02T12:24:33","guid":{"rendered":"https:\/\/www.rmdkwikform.com\/centro-technico\/"},"modified":"2022-04-20T20:07:21","modified_gmt":"2022-04-20T19:07:21","slug":"centro-technico","status":"publish","type":"page","link":"https:\/\/dev01.rmdkwikform.com\/cl\/centro-technico\/","title":{"rendered":"Centro t\u00e9cnico"},"content":{"rendered":"<h2 class=\"p1\">Expertos en ingenier\u00eda digital<\/h2>\n<p class=\"p1\">Aqu\u00ed encontrar\u00e1s todo lo que necesita saber sobre las capacidades de ingenier\u00eda de RMD Kwikform, LocusEye y BIM. Si desea obtener m\u00e1s informaci\u00f3n, incluyendo folletos, hojas de datos t\u00e9cnicos o bloques CAD, aseg\u00farese de registrarse en LocusHUB para acceder a nuestro conjunto completo de herramientas de apoyo a la ingenier\u00eda.<\/p>\n","protected":false},"excerpt":{"rendered":"<p>Expertos en ingenier\u00eda digital Aqu\u00ed encontrar\u00e1s todo lo que necesita saber sobre las capacidades de ingenier\u00eda de RMD Kwikform, LocusEye y BIM. Si desea obtener m\u00e1s informaci\u00f3n, incluyendo folletos, hojas de datos t\u00e9cnicos o bloques CAD,...<\/p>\n","protected":false},"author":1,"featured_media":17491,"parent":0,"menu_order":0,"comment_status":"closed","ping_status":"closed","template":"templates\/technical-centre-overview.php","meta":{"_acf_changed":false,"content-type":"","footnotes":""},"class_list":["post-17488","page","type-page","status-publish","has-post-thumbnail","hentry"],"acf":[],"yoast_head":"<!-- This site is optimized with the Yoast SEO plugin v27.4 - https:\/\/yoast.com\/product\/yoast-seo-wordpress\/ -->\n<title>Centro t\u00e9cnico - RMD Kwikform<\/title>\n<meta name=\"description\" content=\"Una descripci\u00f3n general de las capacidades de ingenier\u00eda de RMD Kwikform. Acceda a nuestra gama completa de documentaci\u00f3n t\u00e9cnica.\" \/>\n<meta name=\"robots\" content=\"noindex, follow, max-snippet:-1, max-image-preview:large, max-video-preview:-1\" \/>\n<meta property=\"og:locale\" content=\"es_ES\" \/>\n<meta property=\"og:type\" content=\"article\" \/>\n<meta property=\"og:title\" content=\"Centro t\u00e9cnico - RMD Kwikform\" \/>\n<meta property=\"og:description\" content=\"Una descripci\u00f3n general de las capacidades de ingenier\u00eda de RMD Kwikform. Acceda a nuestra gama completa de documentaci\u00f3n t\u00e9cnica.\" \/>\n<meta property=\"og:url\" content=\"https:\/\/dev01.rmdkwikform.com\/cl\/centro-technico\/\" \/>\n<meta property=\"og:site_name\" content=\"DEV ALTRAD RMD Kwikform\" \/>\n<meta property=\"article:modified_time\" content=\"2022-04-20T19:07:21+00:00\" \/>\n<meta property=\"og:image\" content=\"https:\/\/dev01.rmdkwikform.com\/wp-content\/uploads\/2020\/08\/Technical-centre-banner.png\" \/>\n\t<meta property=\"og:image:width\" content=\"1920\" \/>\n\t<meta property=\"og:image:height\" content=\"768\" \/>\n\t<meta property=\"og:image:type\" content=\"image\/png\" \/>\n<meta name=\"twitter:card\" content=\"summary_large_image\" \/>\n<meta name=\"twitter:site\" content=\"@RMDKwikform\" \/>\n<meta name=\"twitter:label1\" content=\"Tiempo estimado de lectura\" \/>\n\t<meta name=\"twitter:data1\" content=\"1 minuto\" \/>\n<script type=\"application\/ld+json\" class=\"yoast-schema-graph\">{\"@context\":\"https:\\\/\\\/schema.org\",\"@graph\":[{\"@type\":\"WebPage\",\"@id\":\"https:\\\/\\\/dev01.rmdkwikform.com\\\/cl\\\/centro-technico\\\/\",\"url\":\"https:\\\/\\\/dev01.rmdkwikform.com\\\/cl\\\/centro-technico\\\/\",\"name\":\"Centro t\u00e9cnico - RMD Kwikform\",\"isPartOf\":{\"@id\":\"https:\\\/\\\/dev01.rmdkwikform.com\\\/cl\\\/#website\"},\"primaryImageOfPage\":{\"@id\":\"https:\\\/\\\/dev01.rmdkwikform.com\\\/cl\\\/centro-technico\\\/#primaryimage\"},\"image\":{\"@id\":\"https:\\\/\\\/dev01.rmdkwikform.com\\\/cl\\\/centro-technico\\\/#primaryimage\"},\"thumbnailUrl\":\"https:\\\/\\\/dev01.rmdkwikform.com\\\/wp-content\\\/uploads\\\/2020\\\/08\\\/Technical-centre-banner.png\",\"datePublished\":\"2020-03-02T12:24:33+00:00\",\"dateModified\":\"2022-04-20T19:07:21+00:00\",\"description\":\"Una descripci\u00f3n general de las capacidades de ingenier\u00eda de RMD Kwikform. Acceda a nuestra gama completa de documentaci\u00f3n t\u00e9cnica.\",\"breadcrumb\":{\"@id\":\"https:\\\/\\\/dev01.rmdkwikform.com\\\/cl\\\/centro-technico\\\/#breadcrumb\"},\"inLanguage\":\"es-CL\",\"potentialAction\":[{\"@type\":\"ReadAction\",\"target\":[\"https:\\\/\\\/dev01.rmdkwikform.com\\\/cl\\\/centro-technico\\\/\"]}]},{\"@type\":\"ImageObject\",\"inLanguage\":\"es-CL\",\"@id\":\"https:\\\/\\\/dev01.rmdkwikform.com\\\/cl\\\/centro-technico\\\/#primaryimage\",\"url\":\"https:\\\/\\\/dev01.rmdkwikform.com\\\/wp-content\\\/uploads\\\/2020\\\/08\\\/Technical-centre-banner.png\",\"contentUrl\":\"https:\\\/\\\/dev01.rmdkwikform.com\\\/wp-content\\\/uploads\\\/2020\\\/08\\\/Technical-centre-banner.png\",\"width\":1920,\"height\":768},{\"@type\":\"BreadcrumbList\",\"@id\":\"https:\\\/\\\/dev01.rmdkwikform.com\\\/cl\\\/centro-technico\\\/#breadcrumb\",\"itemListElement\":[{\"@type\":\"ListItem\",\"position\":1,\"name\":\"Home\",\"item\":\"https:\\\/\\\/dev01.rmdkwikform.com\\\/cl\\\/\"},{\"@type\":\"ListItem\",\"position\":2,\"name\":\"Centro t\u00e9cnico\"}]},{\"@type\":\"WebSite\",\"@id\":\"https:\\\/\\\/dev01.rmdkwikform.com\\\/cl\\\/#website\",\"url\":\"https:\\\/\\\/dev01.rmdkwikform.com\\\/cl\\\/\",\"name\":\"DEV ALTRAD RMD Kwikform\",\"description\":\"Bringing structures to life\",\"publisher\":{\"@id\":\"https:\\\/\\\/dev01.rmdkwikform.com\\\/cl\\\/#organization\"},\"potentialAction\":[{\"@type\":\"SearchAction\",\"target\":{\"@type\":\"EntryPoint\",\"urlTemplate\":\"https:\\\/\\\/dev01.rmdkwikform.com\\\/cl\\\/?s={search_term_string}\"},\"query-input\":{\"@type\":\"PropertyValueSpecification\",\"valueRequired\":true,\"valueName\":\"search_term_string\"}}],\"inLanguage\":\"es-CL\"},{\"@type\":\"Organization\",\"@id\":\"https:\\\/\\\/dev01.rmdkwikform.com\\\/cl\\\/#organization\",\"name\":\"Altrad RMD Kwikform\",\"alternateName\":\"RMD\",\"url\":\"https:\\\/\\\/dev01.rmdkwikform.com\\\/cl\\\/\",\"logo\":{\"@type\":\"ImageObject\",\"inLanguage\":\"es-CL\",\"@id\":\"https:\\\/\\\/dev01.rmdkwikform.com\\\/cl\\\/#\\\/schema\\\/logo\\\/image\\\/\",\"url\":\"https:\\\/\\\/dev01.rmdkwikform.com\\\/wp-content\\\/uploads\\\/2021\\\/10\\\/Altrad-Group-logo.png\",\"contentUrl\":\"https:\\\/\\\/dev01.rmdkwikform.com\\\/wp-content\\\/uploads\\\/2021\\\/10\\\/Altrad-Group-logo.png\",\"width\":225,\"height\":225,\"caption\":\"Altrad RMD Kwikform\"},\"image\":{\"@id\":\"https:\\\/\\\/dev01.rmdkwikform.com\\\/cl\\\/#\\\/schema\\\/logo\\\/image\\\/\"},\"sameAs\":[\"https:\\\/\\\/x.com\\\/RMDKwikform\",\"https:\\\/\\\/www.linkedin.com\\\/company\\\/rmd-kwikform\\\/\",\"https:\\\/\\\/www.youtube.com\\\/user\\\/rmdkwikform\",\"https:\\\/\\\/www.instagram.com\\\/rmdkwikform\\\/\"]}]}<\/script>\n<!-- \/ Yoast SEO plugin. -->","yoast_head_json":{"title":"Centro t\u00e9cnico - RMD Kwikform","description":"Una descripci\u00f3n general de las capacidades de ingenier\u00eda de RMD Kwikform. Acceda a nuestra gama completa de documentaci\u00f3n t\u00e9cnica.","robots":{"index":"noindex","follow":"follow","max-snippet":"max-snippet:-1","max-image-preview":"max-image-preview:large","max-video-preview":"max-video-preview:-1"},"og_locale":"es_ES","og_type":"article","og_title":"Centro t\u00e9cnico - RMD Kwikform","og_description":"Una descripci\u00f3n general de las capacidades de ingenier\u00eda de RMD Kwikform. Acceda a nuestra gama completa de documentaci\u00f3n t\u00e9cnica.","og_url":"https:\/\/dev01.rmdkwikform.com\/cl\/centro-technico\/","og_site_name":"DEV ALTRAD RMD Kwikform","article_modified_time":"2022-04-20T19:07:21+00:00","og_image":[{"width":1920,"height":768,"url":"https:\/\/dev01.rmdkwikform.com\/wp-content\/uploads\/2020\/08\/Technical-centre-banner.png","type":"image\/png"}],"twitter_card":"summary_large_image","twitter_site":"@RMDKwikform","twitter_misc":{"Tiempo estimado de lectura":"1 minuto"},"schema":{"@context":"https:\/\/schema.org","@graph":[{"@type":"WebPage","@id":"https:\/\/dev01.rmdkwikform.com\/cl\/centro-technico\/","url":"https:\/\/dev01.rmdkwikform.com\/cl\/centro-technico\/","name":"Centro t\u00e9cnico - RMD Kwikform","isPartOf":{"@id":"https:\/\/dev01.rmdkwikform.com\/cl\/#website"},"primaryImageOfPage":{"@id":"https:\/\/dev01.rmdkwikform.com\/cl\/centro-technico\/#primaryimage"},"image":{"@id":"https:\/\/dev01.rmdkwikform.com\/cl\/centro-technico\/#primaryimage"},"thumbnailUrl":"https:\/\/dev01.rmdkwikform.com\/wp-content\/uploads\/2020\/08\/Technical-centre-banner.png","datePublished":"2020-03-02T12:24:33+00:00","dateModified":"2022-04-20T19:07:21+00:00","description":"Una descripci\u00f3n general de las capacidades de ingenier\u00eda de RMD Kwikform. Acceda a nuestra gama completa de documentaci\u00f3n t\u00e9cnica.","breadcrumb":{"@id":"https:\/\/dev01.rmdkwikform.com\/cl\/centro-technico\/#breadcrumb"},"inLanguage":"es-CL","potentialAction":[{"@type":"ReadAction","target":["https:\/\/dev01.rmdkwikform.com\/cl\/centro-technico\/"]}]},{"@type":"ImageObject","inLanguage":"es-CL","@id":"https:\/\/dev01.rmdkwikform.com\/cl\/centro-technico\/#primaryimage","url":"https:\/\/dev01.rmdkwikform.com\/wp-content\/uploads\/2020\/08\/Technical-centre-banner.png","contentUrl":"https:\/\/dev01.rmdkwikform.com\/wp-content\/uploads\/2020\/08\/Technical-centre-banner.png","width":1920,"height":768},{"@type":"BreadcrumbList","@id":"https:\/\/dev01.rmdkwikform.com\/cl\/centro-technico\/#breadcrumb","itemListElement":[{"@type":"ListItem","position":1,"name":"Home","item":"https:\/\/dev01.rmdkwikform.com\/cl\/"},{"@type":"ListItem","position":2,"name":"Centro t\u00e9cnico"}]},{"@type":"WebSite","@id":"https:\/\/dev01.rmdkwikform.com\/cl\/#website","url":"https:\/\/dev01.rmdkwikform.com\/cl\/","name":"DEV ALTRAD RMD Kwikform","description":"Bringing structures to life","publisher":{"@id":"https:\/\/dev01.rmdkwikform.com\/cl\/#organization"},"potentialAction":[{"@type":"SearchAction","target":{"@type":"EntryPoint","urlTemplate":"https:\/\/dev01.rmdkwikform.com\/cl\/?s={search_term_string}"},"query-input":{"@type":"PropertyValueSpecification","valueRequired":true,"valueName":"search_term_string"}}],"inLanguage":"es-CL"},{"@type":"Organization","@id":"https:\/\/dev01.rmdkwikform.com\/cl\/#organization","name":"Altrad RMD Kwikform","alternateName":"RMD","url":"https:\/\/dev01.rmdkwikform.com\/cl\/","logo":{"@type":"ImageObject","inLanguage":"es-CL","@id":"https:\/\/dev01.rmdkwikform.com\/cl\/#\/schema\/logo\/image\/","url":"https:\/\/dev01.rmdkwikform.com\/wp-content\/uploads\/2021\/10\/Altrad-Group-logo.png","contentUrl":"https:\/\/dev01.rmdkwikform.com\/wp-content\/uploads\/2021\/10\/Altrad-Group-logo.png","width":225,"height":225,"caption":"Altrad RMD Kwikform"},"image":{"@id":"https:\/\/dev01.rmdkwikform.com\/cl\/#\/schema\/logo\/image\/"},"sameAs":["https:\/\/x.com\/RMDKwikform","https:\/\/www.linkedin.com\/company\/rmd-kwikform\/","https:\/\/www.youtube.com\/user\/rmdkwikform","https:\/\/www.instagram.com\/rmdkwikform\/"]}]}},"_links":{"self":[{"href":"https:\/\/dev01.rmdkwikform.com\/cl\/wp-json\/wp\/v2\/pages\/17488","targetHints":{"allow":["GET"]}}],"collection":[{"href":"https:\/\/dev01.rmdkwikform.com\/cl\/wp-json\/wp\/v2\/pages"}],"about":[{"href":"https:\/\/dev01.rmdkwikform.com\/cl\/wp-json\/wp\/v2\/types\/page"}],"author":[{"embeddable":true,"href":"https:\/\/dev01.rmdkwikform.com\/cl\/wp-json\/wp\/v2\/users\/1"}],"replies":[{"embeddable":true,"href":"https:\/\/dev01.rmdkwikform.com\/cl\/wp-json\/wp\/v2\/comments?post=17488"}],"version-history":[{"count":0,"href":"https:\/\/dev01.rmdkwikform.com\/cl\/wp-json\/wp\/v2\/pages\/17488\/revisions"}],"wp:featuredmedia":[{"embeddable":true,"href":"https:\/\/dev01.rmdkwikform.com\/cl\/wp-json\/wp\/v2\/media\/17491"}],"wp:attachment":[{"href":"https:\/\/dev01.rmdkwikform.com\/cl\/wp-json\/wp\/v2\/media?parent=17488"}],"curies":[{"name":"wp","href":"https:\/\/api.w.org\/{rel}","templated":true}]}}